{"id":21830,"date":"2019-04-29T09:23:08","date_gmt":"2019-04-29T09:23:08","guid":{"rendered":"https:\/\/meigal.pt\/?page_id=21830"},"modified":"2022-07-19T15:16:54","modified_gmt":"2022-07-19T15:16:54","slug":"fornecedores-de-alimentos-para-restaurantes","status":"publish","type":"page","link":"https:\/\/meigal.pt\/fr\/fornecedores-de-alimentos-para-restaurantes\/","title":{"rendered":"Food Service"},"content":{"rendered":"<section data-vc-full-width=\"true\" data-vc-full-width-init=\"false\" class=\"vc_row wpb_row vc_row-fluid  vc_custom_1556528855921 vc_row-has-fill pofo-stretch-content pofo-stretch-row-container\"><div class=\"wpb_column vc_column_container  col-xs-mobile-fullwidth\"><div class=\"vc_column-inner \"><div class=\"wpb_wrapper\"><div class=\"vc_row wpb_row vc_inner vc_row-fluid\"><div class=\"wpb_column vc_column_container vc_col-sm-6  col-xs-mobile-fullwidth\"><div class=\"vc_column-inner \"><div class=\"wpb_wrapper\">[vc_single_image image=\u00a0\u00bb21775&Prime; img_size=\u00a0\u00bbfull\u00a0\u00bb alignment=\u00a0\u00bbcenter\u00a0\u00bb][vc_btn title=\u00a0\u00bbVoir tous les produits\u00a0\u00bb style=\u00a0\u00bboutline\u00a0\u00bb shape=\u00a0\u00bbround\u00a0\u00bb align=\u00a0\u00bbcenter\u00a0\u00bb css=\u00a0\u00bb.vc_custom_1658243666412{margin-top: 30px !important;}\u00a0\u00bb link=\u00a0\u00bburl:https%3A%2F%2Fmeigal.pt%2Ffr%2Fprodutos%2F|||\u00a0\u00bb]<\/div><\/div><\/div><div class=\"wpb_column vc_column_container vc_col-sm-6  col-xs-mobile-fullwidth\"><div class=\"vc_column-inner \"><div class=\"wpb_wrapper\">[vc_custom_heading text=\u00a0\u00bbFood Service\u00a0\u00bb font_container=\u00a0\u00bbtag:h2|font_size:32px|text_align:left|color:%23ffffff|line_height:20%20px\u00a0\u00bb google_fonts=\u00a0\u00bbfont_family:Nunito%3A300%2Cregular%2C700|font_style:700%20bold%20regular%3A700%3Anormal\u00a0\u00bb][vc_custom_heading text=\u00a0\u00bbFournisseurs de produits alimentaires pour restaurants et autres \u00e9tablissements\u00a0\u00bb font_container=\u00a0\u00bbtag:h1|font_size:32px|text_align:left|color:%23ffffff|line_height:40%20px\u00a0\u00bb google_fonts=\u00a0\u00bbfont_family:Nunito%3A300%2Cregular%2C700|font_style:300%20light%20regular%3A300%3Anormal\u00a0\u00bb]<div class=\"last-paragraph-no-margin\" style=\"color: #ffffff;\"><p><span style=\"font-weight: 400;\">Au Portugal, Meigal est l\u2019un des principaux fournisseurs d\u2019alimentation pour les restaurants, les grills-r\u00f4tisseries, les bars, les caf\u00e9s, les cantines, les traiteurs et autres \u00e9tablissements li\u00e9s au<\/span><i><span style=\"font-weight: 400;\"> food service<\/span><\/i><span style=\"font-weight: 400;\">. En plus d\u2019une large gamme de produits frais et de qualit\u00e9, nous proposons un service de livraisons rapide et efficace.<\/span><\/p>\n<p><span style=\"font-weight: 400;\">Nous savons que votre commerce ne vous laisse pas beaucoup de temps libre, aussi ne perdez pas votre temps \u00e0 chercher sur Google des fournisseurs de produits alimentaires pour restaurants, caf\u00e9s, etc. Appelez-nous et nous nous en occuperons.<\/span><\/p>\n<p><span style=\"font-weight: 400;\">Votre \u00e9tablissement ne fait pas partie de ceux d\u00e9crits plus haut, et pourtant des fournisseurs de produits alimentaires pour restaurants n\u2019arr\u00eatent pas de frapper \u00e0 votre porte ? Votre activit\u00e9 est sans doute plut\u00f4t du domaine du libre-service. Cliquez sur la case en bas et vous verrez ce que nous avons pour vous.<\/span><\/p>\n<\/div>[vc_btn title=\u00a0\u00bbFood service\u00a0\u00bb style=\u00a0\u00bboutline\u00a0\u00bb shape=\u00a0\u00bbround\u00a0\u00bb align=\u00a0\u00bbcenter\u00a0\u00bb css=\u00a0\u00bb.vc_custom_1658243807976{margin-top: 30px !important;}\u00a0\u00bb link=\u00a0\u00bburl:https%3A%2F%2Fmeigal.pt%2Ffr%2Fempresas-de-distribuicao-de-produtos-alimentares%2F|title:Food%20Service||\u00a0\u00bb]<\/div><\/div><\/div><\/div><\/div><\/div><\/div><\/section><div class=\"vc_row-full-width vc_clearfix\"><\/div>\n","protected":false},"excerpt":{"rendered":"<p>Um dos fornecedores de alimentos para restaurantes e outros estabelecimentos direcionados para o  food service.<\/p>\n","protected":false},"author":1,"featured_media":21691,"parent":0,"menu_order":0,"comment_status":"closed","ping_status":"closed","template":"","meta":{"footnotes":""},"class_list":["post-21830","page","type-page","status-publish","has-post-thumbnail","hentry"],"yoast_head":"<!-- This site is optimized with the Yoast SEO plugin v26.7 - https:\/\/yoast.com\/wordpress\/plugins\/seo\/ -->\n<title>Meigal | Fornecedores de alimentos para restaurantes | Food Service<\/title>\n<meta name=\"description\" content=\"A Meigal \u00e9 um dos fornecedores de alimentos para restaurantes e outros estabelecimentos direcionados para o food service. Clique e saiba mais sobre n\u00f3s\" \/>\n<meta name=\"robots\" content=\"index, follow, max-snippet:-1, max-image-preview:large, max-video-preview:-1\" \/>\n<link rel=\"canonical\" href=\"https:\/\/meigal.pt\/fr\/fornecedores-de-alimentos-para-restaurantes\/\" \/>\n<meta property=\"og:locale\" content=\"fr_FR\" \/>\n<meta property=\"og:locale:alternate\" content=\"pt_PT\" \/>\n<meta property=\"og:type\" content=\"article\" \/>\n<meta property=\"og:title\" content=\"Meigal | Fornecedores de alimentos para restaurantes | Food Service\" \/>\n<meta property=\"og:description\" content=\"A Meigal \u00e9 um dos fornecedores de alimentos para restaurantes e outros estabelecimentos direcionados para o food service. Clique e saiba mais sobre n\u00f3s\" \/>\n<meta property=\"og:url\" content=\"https:\/\/meigal.pt\/fr\/fornecedores-de-alimentos-para-restaurantes\/\" \/>\n<meta property=\"og:site_name\" content=\"Meigal\" \/>\n<meta property=\"article:modified_time\" content=\"2022-07-19T15:16:54+00:00\" \/>\n<meta property=\"og:image\" content=\"https:\/\/meigal.pt\/wp-content\/uploads\/2019\/04\/receita-de-perna-de-borrego-assada.jpg\" \/>\n\t<meta property=\"og:image:width\" content=\"1140\" \/>\n\t<meta property=\"og:image:height\" content=\"400\" \/>\n\t<meta property=\"og:image:type\" content=\"image\/jpeg\" \/>\n<meta name=\"twitter:card\" content=\"summary_large_image\" \/>\n<meta name=\"twitter:label1\" content=\"Dur\u00e9e de lecture estim\u00e9e\" \/>\n\t<meta name=\"twitter:data1\" content=\"2 minutes\" \/>\n<script type=\"application\/ld+json\" class=\"yoast-schema-graph\">{\"@context\":\"https:\/\/schema.org\",\"@graph\":[{\"@type\":\"WebPage\",\"@id\":\"https:\/\/meigal.pt\/fr\/fornecedores-de-alimentos-para-restaurantes\/\",\"url\":\"https:\/\/meigal.pt\/fr\/fornecedores-de-alimentos-para-restaurantes\/\",\"name\":\"Meigal | Fornecedores de alimentos para restaurantes | Food Service\",\"isPartOf\":{\"@id\":\"https:\/\/meigal.pt\/#website\"},\"primaryImageOfPage\":{\"@id\":\"https:\/\/meigal.pt\/fr\/fornecedores-de-alimentos-para-restaurantes\/#primaryimage\"},\"image\":{\"@id\":\"https:\/\/meigal.pt\/fr\/fornecedores-de-alimentos-para-restaurantes\/#primaryimage\"},\"thumbnailUrl\":\"https:\/\/meigal.pt\/wp-content\/uploads\/2019\/04\/receita-de-perna-de-borrego-assada.jpg\",\"datePublished\":\"2019-04-29T09:23:08+00:00\",\"dateModified\":\"2022-07-19T15:16:54+00:00\",\"description\":\"A Meigal \u00e9 um dos fornecedores de alimentos para restaurantes e outros estabelecimentos direcionados para o food service. Clique e saiba mais sobre n\u00f3s\",\"breadcrumb\":{\"@id\":\"https:\/\/meigal.pt\/fr\/fornecedores-de-alimentos-para-restaurantes\/#breadcrumb\"},\"inLanguage\":\"fr-FR\",\"potentialAction\":[{\"@type\":\"ReadAction\",\"target\":[\"https:\/\/meigal.pt\/fr\/fornecedores-de-alimentos-para-restaurantes\/\"]}]},{\"@type\":\"ImageObject\",\"inLanguage\":\"fr-FR\",\"@id\":\"https:\/\/meigal.pt\/fr\/fornecedores-de-alimentos-para-restaurantes\/#primaryimage\",\"url\":\"https:\/\/meigal.pt\/wp-content\/uploads\/2019\/04\/receita-de-perna-de-borrego-assada.jpg\",\"contentUrl\":\"https:\/\/meigal.pt\/wp-content\/uploads\/2019\/04\/receita-de-perna-de-borrego-assada.jpg\",\"width\":1140,\"height\":400},{\"@type\":\"BreadcrumbList\",\"@id\":\"https:\/\/meigal.pt\/fr\/fornecedores-de-alimentos-para-restaurantes\/#breadcrumb\",\"itemListElement\":[{\"@type\":\"ListItem\",\"position\":1,\"name\":\"In\u00edcio\",\"item\":\"https:\/\/meigal.pt\/\"},{\"@type\":\"ListItem\",\"position\":2,\"name\":\"Food Service\"}]},{\"@type\":\"WebSite\",\"@id\":\"https:\/\/meigal.pt\/#website\",\"url\":\"https:\/\/meigal.pt\/\",\"name\":\"Meigal\",\"description\":\"Distribuidor de produtos alimentares\",\"potentialAction\":[{\"@type\":\"SearchAction\",\"target\":{\"@type\":\"EntryPoint\",\"urlTemplate\":\"https:\/\/meigal.pt\/?s={search_term_string}\"},\"query-input\":{\"@type\":\"PropertyValueSpecification\",\"valueRequired\":true,\"valueName\":\"search_term_string\"}}],\"inLanguage\":\"fr-FR\"}]}<\/script>\n<!-- \/ Yoast SEO plugin. -->","yoast_head_json":{"title":"Meigal | Fornecedores de alimentos para restaurantes | Food Service","description":"A Meigal \u00e9 um dos fornecedores de alimentos para restaurantes e outros estabelecimentos direcionados para o food service. Clique e saiba mais sobre n\u00f3s","robots":{"index":"index","follow":"follow","max-snippet":"max-snippet:-1","max-image-preview":"max-image-preview:large","max-video-preview":"max-video-preview:-1"},"canonical":"https:\/\/meigal.pt\/fr\/fornecedores-de-alimentos-para-restaurantes\/","og_locale":"fr_FR","og_type":"article","og_title":"Meigal | Fornecedores de alimentos para restaurantes | Food Service","og_description":"A Meigal \u00e9 um dos fornecedores de alimentos para restaurantes e outros estabelecimentos direcionados para o food service. Clique e saiba mais sobre n\u00f3s","og_url":"https:\/\/meigal.pt\/fr\/fornecedores-de-alimentos-para-restaurantes\/","og_site_name":"Meigal","article_modified_time":"2022-07-19T15:16:54+00:00","og_image":[{"width":1140,"height":400,"url":"https:\/\/meigal.pt\/wp-content\/uploads\/2019\/04\/receita-de-perna-de-borrego-assada.jpg","type":"image\/jpeg"}],"twitter_card":"summary_large_image","twitter_misc":{"Dur\u00e9e de lecture estim\u00e9e":"2 minutes"},"schema":{"@context":"https:\/\/schema.org","@graph":[{"@type":"WebPage","@id":"https:\/\/meigal.pt\/fr\/fornecedores-de-alimentos-para-restaurantes\/","url":"https:\/\/meigal.pt\/fr\/fornecedores-de-alimentos-para-restaurantes\/","name":"Meigal | Fornecedores de alimentos para restaurantes | Food Service","isPartOf":{"@id":"https:\/\/meigal.pt\/#website"},"primaryImageOfPage":{"@id":"https:\/\/meigal.pt\/fr\/fornecedores-de-alimentos-para-restaurantes\/#primaryimage"},"image":{"@id":"https:\/\/meigal.pt\/fr\/fornecedores-de-alimentos-para-restaurantes\/#primaryimage"},"thumbnailUrl":"https:\/\/meigal.pt\/wp-content\/uploads\/2019\/04\/receita-de-perna-de-borrego-assada.jpg","datePublished":"2019-04-29T09:23:08+00:00","dateModified":"2022-07-19T15:16:54+00:00","description":"A Meigal \u00e9 um dos fornecedores de alimentos para restaurantes e outros estabelecimentos direcionados para o food service. Clique e saiba mais sobre n\u00f3s","breadcrumb":{"@id":"https:\/\/meigal.pt\/fr\/fornecedores-de-alimentos-para-restaurantes\/#breadcrumb"},"inLanguage":"fr-FR","potentialAction":[{"@type":"ReadAction","target":["https:\/\/meigal.pt\/fr\/fornecedores-de-alimentos-para-restaurantes\/"]}]},{"@type":"ImageObject","inLanguage":"fr-FR","@id":"https:\/\/meigal.pt\/fr\/fornecedores-de-alimentos-para-restaurantes\/#primaryimage","url":"https:\/\/meigal.pt\/wp-content\/uploads\/2019\/04\/receita-de-perna-de-borrego-assada.jpg","contentUrl":"https:\/\/meigal.pt\/wp-content\/uploads\/2019\/04\/receita-de-perna-de-borrego-assada.jpg","width":1140,"height":400},{"@type":"BreadcrumbList","@id":"https:\/\/meigal.pt\/fr\/fornecedores-de-alimentos-para-restaurantes\/#breadcrumb","itemListElement":[{"@type":"ListItem","position":1,"name":"In\u00edcio","item":"https:\/\/meigal.pt\/"},{"@type":"ListItem","position":2,"name":"Food Service"}]},{"@type":"WebSite","@id":"https:\/\/meigal.pt\/#website","url":"https:\/\/meigal.pt\/","name":"Meigal","description":"Distribuidor de produtos alimentares","potentialAction":[{"@type":"SearchAction","target":{"@type":"EntryPoint","urlTemplate":"https:\/\/meigal.pt\/?s={search_term_string}"},"query-input":{"@type":"PropertyValueSpecification","valueRequired":true,"valueName":"search_term_string"}}],"inLanguage":"fr-FR"}]}},"_links":{"self":[{"href":"https:\/\/meigal.pt\/fr\/wp-json\/wp\/v2\/pages\/21830","targetHints":{"allow":["GET"]}}],"collection":[{"href":"https:\/\/meigal.pt\/fr\/wp-json\/wp\/v2\/pages"}],"about":[{"href":"https:\/\/meigal.pt\/fr\/wp-json\/wp\/v2\/types\/page"}],"author":[{"embeddable":true,"href":"https:\/\/meigal.pt\/fr\/wp-json\/wp\/v2\/users\/1"}],"replies":[{"embeddable":true,"href":"https:\/\/meigal.pt\/fr\/wp-json\/wp\/v2\/comments?post=21830"}],"version-history":[{"count":29,"href":"https:\/\/meigal.pt\/fr\/wp-json\/wp\/v2\/pages\/21830\/revisions"}],"predecessor-version":[{"id":25461,"href":"https:\/\/meigal.pt\/fr\/wp-json\/wp\/v2\/pages\/21830\/revisions\/25461"}],"wp:featuredmedia":[{"embeddable":true,"href":"https:\/\/meigal.pt\/fr\/wp-json\/wp\/v2\/media\/21691"}],"wp:attachment":[{"href":"https:\/\/meigal.pt\/fr\/wp-json\/wp\/v2\/media?parent=21830"}],"curies":[{"name":"wp","href":"https:\/\/api.w.org\/{rel}","templated":true}]}}