{"id":21861,"date":"2019-04-29T10:29:08","date_gmt":"2019-04-29T10:29:08","guid":{"rendered":"https:\/\/meigal.pt\/?page_id=21861"},"modified":"2019-09-19T09:43:55","modified_gmt":"2019-09-19T09:43:55","slug":"distribuidores-produtos-alimentares","status":"publish","type":"page","link":"https:\/\/meigal.pt\/fr\/distribuidores-produtos-alimentares\/","title":{"rendered":"PR\u00d3XIMO DE SI"},"content":{"rendered":"<section data-vc-full-width=\"true\" data-vc-full-width-init=\"false\" class=\"vc_row wpb_row vc_row-fluid   pofo-stretch-content pofo-stretch-row-container\"><div class=\"wpb_column vc_column_container  col-xs-mobile-fullwidth\"><div class=\"vc_column-inner \"><div class=\"wpb_wrapper\"><div class=\"vc_row wpb_row vc_inner vc_row-fluid\"><div class=\"wpb_column vc_column_container vc_col-sm-12  col-xs-mobile-fullwidth\"><div class=\"vc_column-inner \"><div class=\"wpb_wrapper\">[vc_single_image image=\u00a0\u00bb21632&Prime; alignment=\u00a0\u00bbcenter\u00a0\u00bb][vc_custom_heading text=\u00a0\u00bbESTAMOS PR\u00d3XIMOS DE SI! DISTRIBUIDORES PRODUTOS ALIMENTARES\u00a0\u00bb font_container=\u00a0\u00bbtag:h3|font_size:32px|text_align:center|color:%2394c01f\u00a0\u00bb google_fonts=\u00a0\u00bbfont_family:Nunito%3A300%2Cregular%2C700|font_style:700%20bold%20regular%3A700%3Anormal\u00a0\u00bb]<\/div><\/div><\/div><\/div><div class=\"last-paragraph-no-margin\" style=\"color: #000000;\"><p>Estima-se que a grande parte dos nossos potenciais clientes antes de abrirem o seu neg\u00f3cio fa\u00e7am pesquisas na internet como \u00ab\u00a0distribuidores produtos alimentares na cidade mais pr\u00f3xima\u00a0\u00bb. N\u00e3o seria muito mais f\u00e1cil pesquisar apenas por \u00ab\u00a0distribuidores produtos alimentares\u00a0\u00bb e como resultado surgir uma empresa que actue em todo o pa\u00eds?<\/p>\n<p>Pois seria!\u00a0 E por isso \u00e9 que a Meigal existe! Com 10 entrepostos espalhados de Norte a Sul de Portugal, independentemente da parte do pa\u00eds em que se encontre, estaremos sempre pr\u00f3ximos de si. Ficou impressionado? N\u00e3o fique, pois ainda n\u00e3o parou por aqui! Adivinhe o que lhe vai aparecer se pesquisar por \u00ab\u00a0distribuidores produtos alimentares\u00a0\u00bb na Estremadura de Espanha, Gal\u00edcia, Huelva, Sevilha, Salamanca ou Zamora! E \u00ab\u00a0distribuidores produtos alimentares em Paris\u00a0\u00bb?<\/p>\n<p>Bingo! \u00c9 isso mesmo que est\u00e1 a pensar: ir\u00e1 aparecer-lhe como resultado de pesquisa a nossa linda e verdejante Meigal. Conclus\u00e3o: N\u00e3o nos podemos comparar a Deus, mas o que \u00e9 certo, \u00e9 que estamos em todo o lado.<\/p>\n<p>&nbsp;<\/p>\n<p>Resumindo:<\/p>\n<p><strong><u>Onde nos localizamos?<\/u><\/strong><\/p>\n<p>Ponte de Lima, Grij\u00f3, Mangualde, Leiria, Ferreira do Z\u00eazere, Loures, Corroios, Estremoz, Albufeira e Paris.<\/p>\n<p><strong><u>Onde fazemos entregas?<\/u><\/strong><\/p>\n<p>&#8211; Em todo o pa\u00eds, exceto ilhas.<\/p>\n<p>&#8211; Em alguma zonas do pa\u00eds de <em>nuestros hermanos<\/em>: Estremadura, Gal\u00edcia, Huelva, Sevilha, Salamanca, Zamora;<\/p>\n<p>&#8211; Em Paris.<\/p>\n<\/div><\/div><\/div><\/div><\/section><div class=\"vc_row-full-width vc_clearfix\"><\/div><section data-vc-full-width=\"true\" data-vc-full-width-init=\"false\" class=\"vc_row wpb_row vc_row-fluid   pofo-stretch-content pofo-stretch-row-container\"><div class=\"wpb_column vc_column_container vc_col-sm-12  col-xs-mobile-fullwidth\"><div class=\"vc_column-inner \"><div class=\"wpb_wrapper\">[vc_btn title=\u00a0\u00bbvoltar atr\u00e1s\u00a0\u00bb style=\u00a0\u00bboutline\u00a0\u00bb shape=\u00a0\u00bbround\u00a0\u00bb color=\u00a0\u00bborange\u00a0\u00bb align=\u00a0\u00bbleft\u00a0\u00bb i_icon_fontawesome=\u00a0\u00bbfas fa-arrow-left\u00a0\u00bb add_icon=\u00a0\u00bbtrue\u00a0\u00bb link=\u00a0\u00bburl:https%3A%2F%2Fmeigal.pt%2F|title:Inicio||\u00a0\u00bb]<\/div><\/div><\/div><\/section><div class=\"vc_row-full-width vc_clearfix\"><\/div>\n","protected":false},"excerpt":{"rendered":"<p>Um dos fornecedores de alimentos para restaurantes e outros estabelecimentos direcionados para o  food service.<\/p>\n","protected":false},"author":1,"featured_media":21632,"parent":0,"menu_order":0,"comment_status":"closed","ping_status":"closed","template":"","meta":{"footnotes":""},"class_list":["post-21861","page","type-page","status-publish","has-post-thumbnail","hentry"],"yoast_head":"<!-- This site is optimized with the Yoast SEO plugin v26.7 - https:\/\/yoast.com\/wordpress\/plugins\/seo\/ -->\n<title>Meigal | Distribuidores produtos alimentares pr\u00f3ximos de si<\/title>\n<meta name=\"description\" content=\"Somos distribuidores produtos alimentares com grande proximidade dos todos os nossos clientes. Consulte as localiza\u00e7\u00f5es dos nossos entrepostos.\" \/>\n<meta name=\"robots\" content=\"index, follow, max-snippet:-1, max-image-preview:large, max-video-preview:-1\" \/>\n<link rel=\"canonical\" href=\"https:\/\/meigal.pt\/fr\/distribuidores-produtos-alimentares\/\" \/>\n<meta property=\"og:locale\" content=\"fr_FR\" \/>\n<meta property=\"og:locale:alternate\" content=\"pt_PT\" \/>\n<meta property=\"og:type\" content=\"article\" \/>\n<meta property=\"og:title\" content=\"Meigal | Distribuidores produtos alimentares pr\u00f3ximos de si\" \/>\n<meta property=\"og:description\" content=\"Somos distribuidores produtos alimentares com grande proximidade dos todos os nossos clientes. Consulte as localiza\u00e7\u00f5es dos nossos entrepostos.\" \/>\n<meta property=\"og:url\" content=\"https:\/\/meigal.pt\/fr\/distribuidores-produtos-alimentares\/\" \/>\n<meta property=\"og:site_name\" content=\"Meigal\" \/>\n<meta property=\"article:modified_time\" content=\"2019-09-19T09:43:55+00:00\" \/>\n<meta property=\"og:image\" content=\"https:\/\/meigal.pt\/wp-content\/uploads\/2019\/04\/home_diistigue_2.png\" \/>\n\t<meta property=\"og:image:width\" content=\"137\" \/>\n\t<meta property=\"og:image:height\" content=\"101\" \/>\n\t<meta property=\"og:image:type\" content=\"image\/png\" \/>\n<meta name=\"twitter:card\" content=\"summary_large_image\" \/>\n<meta name=\"twitter:label1\" content=\"Dur\u00e9e de lecture estim\u00e9e\" \/>\n\t<meta name=\"twitter:data1\" content=\"2 minutes\" \/>\n<script type=\"application\/ld+json\" class=\"yoast-schema-graph\">{\"@context\":\"https:\/\/schema.org\",\"@graph\":[{\"@type\":\"WebPage\",\"@id\":\"https:\/\/meigal.pt\/distribuidores-produtos-alimentares\/\",\"url\":\"https:\/\/meigal.pt\/distribuidores-produtos-alimentares\/\",\"name\":\"Meigal | Distribuidores produtos alimentares pr\u00f3ximos de si\",\"isPartOf\":{\"@id\":\"https:\/\/meigal.pt\/#website\"},\"primaryImageOfPage\":{\"@id\":\"https:\/\/meigal.pt\/distribuidores-produtos-alimentares\/#primaryimage\"},\"image\":{\"@id\":\"https:\/\/meigal.pt\/distribuidores-produtos-alimentares\/#primaryimage\"},\"thumbnailUrl\":\"https:\/\/meigal.pt\/wp-content\/uploads\/2019\/04\/home_diistigue_2.png\",\"datePublished\":\"2019-04-29T10:29:08+00:00\",\"dateModified\":\"2019-09-19T09:43:55+00:00\",\"description\":\"Somos distribuidores produtos alimentares com grande proximidade dos todos os nossos clientes. Consulte as localiza\u00e7\u00f5es dos nossos entrepostos.\",\"breadcrumb\":{\"@id\":\"https:\/\/meigal.pt\/distribuidores-produtos-alimentares\/#breadcrumb\"},\"inLanguage\":\"fr-FR\",\"potentialAction\":[{\"@type\":\"ReadAction\",\"target\":[\"https:\/\/meigal.pt\/distribuidores-produtos-alimentares\/\"]}]},{\"@type\":\"ImageObject\",\"inLanguage\":\"fr-FR\",\"@id\":\"https:\/\/meigal.pt\/distribuidores-produtos-alimentares\/#primaryimage\",\"url\":\"https:\/\/meigal.pt\/wp-content\/uploads\/2019\/04\/home_diistigue_2.png\",\"contentUrl\":\"https:\/\/meigal.pt\/wp-content\/uploads\/2019\/04\/home_diistigue_2.png\",\"width\":137,\"height\":101},{\"@type\":\"BreadcrumbList\",\"@id\":\"https:\/\/meigal.pt\/distribuidores-produtos-alimentares\/#breadcrumb\",\"itemListElement\":[{\"@type\":\"ListItem\",\"position\":1,\"name\":\"In\u00edcio\",\"item\":\"https:\/\/meigal.pt\/\"},{\"@type\":\"ListItem\",\"position\":2,\"name\":\"PR\u00d3XIMO DE SI\"}]},{\"@type\":\"WebSite\",\"@id\":\"https:\/\/meigal.pt\/#website\",\"url\":\"https:\/\/meigal.pt\/\",\"name\":\"Meigal\",\"description\":\"Distribuidor de produtos alimentares\",\"potentialAction\":[{\"@type\":\"SearchAction\",\"target\":{\"@type\":\"EntryPoint\",\"urlTemplate\":\"https:\/\/meigal.pt\/?s={search_term_string}\"},\"query-input\":{\"@type\":\"PropertyValueSpecification\",\"valueRequired\":true,\"valueName\":\"search_term_string\"}}],\"inLanguage\":\"fr-FR\"}]}<\/script>\n<!-- \/ Yoast SEO plugin. -->","yoast_head_json":{"title":"Meigal | Distribuidores produtos alimentares pr\u00f3ximos de si","description":"Somos distribuidores produtos alimentares com grande proximidade dos todos os nossos clientes. Consulte as localiza\u00e7\u00f5es dos nossos entrepostos.","robots":{"index":"index","follow":"follow","max-snippet":"max-snippet:-1","max-image-preview":"max-image-preview:large","max-video-preview":"max-video-preview:-1"},"canonical":"https:\/\/meigal.pt\/fr\/distribuidores-produtos-alimentares\/","og_locale":"fr_FR","og_type":"article","og_title":"Meigal | Distribuidores produtos alimentares pr\u00f3ximos de si","og_description":"Somos distribuidores produtos alimentares com grande proximidade dos todos os nossos clientes. Consulte as localiza\u00e7\u00f5es dos nossos entrepostos.","og_url":"https:\/\/meigal.pt\/fr\/distribuidores-produtos-alimentares\/","og_site_name":"Meigal","article_modified_time":"2019-09-19T09:43:55+00:00","og_image":[{"width":137,"height":101,"url":"https:\/\/meigal.pt\/wp-content\/uploads\/2019\/04\/home_diistigue_2.png","type":"image\/png"}],"twitter_card":"summary_large_image","twitter_misc":{"Dur\u00e9e de lecture estim\u00e9e":"2 minutes"},"schema":{"@context":"https:\/\/schema.org","@graph":[{"@type":"WebPage","@id":"https:\/\/meigal.pt\/distribuidores-produtos-alimentares\/","url":"https:\/\/meigal.pt\/distribuidores-produtos-alimentares\/","name":"Meigal | Distribuidores produtos alimentares pr\u00f3ximos de si","isPartOf":{"@id":"https:\/\/meigal.pt\/#website"},"primaryImageOfPage":{"@id":"https:\/\/meigal.pt\/distribuidores-produtos-alimentares\/#primaryimage"},"image":{"@id":"https:\/\/meigal.pt\/distribuidores-produtos-alimentares\/#primaryimage"},"thumbnailUrl":"https:\/\/meigal.pt\/wp-content\/uploads\/2019\/04\/home_diistigue_2.png","datePublished":"2019-04-29T10:29:08+00:00","dateModified":"2019-09-19T09:43:55+00:00","description":"Somos distribuidores produtos alimentares com grande proximidade dos todos os nossos clientes. Consulte as localiza\u00e7\u00f5es dos nossos entrepostos.","breadcrumb":{"@id":"https:\/\/meigal.pt\/distribuidores-produtos-alimentares\/#breadcrumb"},"inLanguage":"fr-FR","potentialAction":[{"@type":"ReadAction","target":["https:\/\/meigal.pt\/distribuidores-produtos-alimentares\/"]}]},{"@type":"ImageObject","inLanguage":"fr-FR","@id":"https:\/\/meigal.pt\/distribuidores-produtos-alimentares\/#primaryimage","url":"https:\/\/meigal.pt\/wp-content\/uploads\/2019\/04\/home_diistigue_2.png","contentUrl":"https:\/\/meigal.pt\/wp-content\/uploads\/2019\/04\/home_diistigue_2.png","width":137,"height":101},{"@type":"BreadcrumbList","@id":"https:\/\/meigal.pt\/distribuidores-produtos-alimentares\/#breadcrumb","itemListElement":[{"@type":"ListItem","position":1,"name":"In\u00edcio","item":"https:\/\/meigal.pt\/"},{"@type":"ListItem","position":2,"name":"PR\u00d3XIMO DE SI"}]},{"@type":"WebSite","@id":"https:\/\/meigal.pt\/#website","url":"https:\/\/meigal.pt\/","name":"Meigal","description":"Distribuidor de produtos alimentares","potentialAction":[{"@type":"SearchAction","target":{"@type":"EntryPoint","urlTemplate":"https:\/\/meigal.pt\/?s={search_term_string}"},"query-input":{"@type":"PropertyValueSpecification","valueRequired":true,"valueName":"search_term_string"}}],"inLanguage":"fr-FR"}]}},"_links":{"self":[{"href":"https:\/\/meigal.pt\/fr\/wp-json\/wp\/v2\/pages\/21861","targetHints":{"allow":["GET"]}}],"collection":[{"href":"https:\/\/meigal.pt\/fr\/wp-json\/wp\/v2\/pages"}],"about":[{"href":"https:\/\/meigal.pt\/fr\/wp-json\/wp\/v2\/types\/page"}],"author":[{"embeddable":true,"href":"https:\/\/meigal.pt\/fr\/wp-json\/wp\/v2\/users\/1"}],"replies":[{"embeddable":true,"href":"https:\/\/meigal.pt\/fr\/wp-json\/wp\/v2\/comments?post=21861"}],"version-history":[{"count":3,"href":"https:\/\/meigal.pt\/fr\/wp-json\/wp\/v2\/pages\/21861\/revisions"}],"predecessor-version":[{"id":22383,"href":"https:\/\/meigal.pt\/fr\/wp-json\/wp\/v2\/pages\/21861\/revisions\/22383"}],"wp:featuredmedia":[{"embeddable":true,"href":"https:\/\/meigal.pt\/fr\/wp-json\/wp\/v2\/media\/21632"}],"wp:attachment":[{"href":"https:\/\/meigal.pt\/fr\/wp-json\/wp\/v2\/media?parent=21861"}],"curies":[{"name":"wp","href":"https:\/\/api.w.org\/{rel}","templated":true}]}}