{"id":21866,"date":"2019-04-29T10:32:39","date_gmt":"2019-04-29T10:32:39","guid":{"rendered":"https:\/\/meigal.pt\/?page_id=21866"},"modified":"2021-08-03T08:00:52","modified_gmt":"2021-08-03T08:00:52","slug":"distribuidores-de-produtos-alimentares-em-portugal","status":"publish","type":"page","link":"https:\/\/meigal.pt\/fr\/distribuidores-de-produtos-alimentares-em-portugal\/","title":{"rendered":"ENTREGA EM 24 HORAS"},"content":{"rendered":"<section data-vc-full-width=\"true\" data-vc-full-width-init=\"false\" class=\"vc_row wpb_row vc_row-fluid   pofo-stretch-content pofo-stretch-row-container\"><div class=\"wpb_column vc_column_container  col-xs-mobile-fullwidth\"><div class=\"vc_column-inner \"><div class=\"wpb_wrapper\"><div class=\"vc_row wpb_row vc_inner vc_row-fluid\"><div class=\"wpb_column vc_column_container vc_col-sm-12  col-xs-mobile-fullwidth\"><div class=\"vc_column-inner \"><div class=\"wpb_wrapper\">[vc_single_image image=\u00a0\u00bb21634&Prime; alignment=\u00a0\u00bbcenter\u00a0\u00bb][vc_custom_heading text=\u00a0\u00bbEQUIPA PR\u00d3PRIA DE DISTRIBUIDORES DE PRODUTOS ALIMENTARES EM PORTUGAL\u00a0\u00bb font_container=\u00a0\u00bbtag:h3|font_size:32px|text_align:center|color:%2394c01f\u00a0\u00bb google_fonts=\u00a0\u00bbfont_family:Nunito%3A300%2Cregular%2C700|font_style:700%20bold%20regular%3A700%3Anormal\u00a0\u00bb]<\/div><\/div><\/div><\/div><div class=\"last-paragraph-no-margin\" style=\"color: #000000;\"><p>Quando pensa nos principais distribuidores de produtos alimentares em Portugal, pensa na Meigal? Se a resposta foi \u00ab\u00a0Sim\u00a0\u00bb, queremos dizer-lhe que est\u00e1 no bom caminho para o sucesso do seu neg\u00f3cio. Se a resposta foi \u00ab\u00a0N\u00e3o\u00a0\u00bb, ent\u00e3o temos de conversar!<\/p>\n<p>Sabia que para encomendar a maioria dos nossos produtos, basta ligar at\u00e9 \u00e0s 18h que a encomenda chegar\u00e1 ao seu neg\u00f3cio no dia seguinte? Sabia que se nos informar quais os dias da semana em que pretende receber encomendas, o nosso comercial lhe vai ligar no dia anterior para registar o seu pedido? Talvez n\u00e3o soubesse mas \u00e9 t\u00e3o simples quanto isto: entregas em 24 horas, sem preocupa\u00e7\u00f5es. Coloque as suas encomendas nas nossas m\u00e3os e descubra o porqu\u00ea de sermos um dos principais distribuidores de produtos alimentares em Portugal.<\/p>\n<p>Se por outro lado at\u00e9 consegue saber o que vai necessitar com alguma anteced\u00eancia, tamb\u00e9m temos a solu\u00e7\u00e3o para si. Distribuidores de produtos alimentares em Portugal t\u00eam de estar preparados para tudo por isso ligue quando desejar e agende a sua encomenda.<\/p>\n<p style=\"text-align: left;\">Agora, conte-nos l\u00e1: distribuidores de produtos alimentares em Portugal h\u00e1 muitos mas n\u00f3s somos daqueles que n\u00e3o se esquecem, certo?<\/p>\n<\/div><\/div><\/div><\/div><\/section><div class=\"vc_row-full-width vc_clearfix\"><\/div><section data-vc-full-width=\"true\" data-vc-full-width-init=\"false\" class=\"vc_row wpb_row vc_row-fluid   pofo-stretch-content pofo-stretch-row-container\"><div class=\"wpb_column vc_column_container vc_col-sm-12  col-xs-mobile-fullwidth\"><div class=\"vc_column-inner \"><div class=\"wpb_wrapper\">[vc_btn title=\u00a0\u00bbvoltar atr\u00e1s\u00a0\u00bb style=\u00a0\u00bboutline\u00a0\u00bb shape=\u00a0\u00bbround\u00a0\u00bb color=\u00a0\u00bborange\u00a0\u00bb align=\u00a0\u00bbleft\u00a0\u00bb i_icon_fontawesome=\u00a0\u00bbfas fa-arrow-left\u00a0\u00bb add_icon=\u00a0\u00bbtrue\u00a0\u00bb link=\u00a0\u00bburl:https%3A%2F%2Fmeigal.pt%2F|title:Inicio||\u00a0\u00bb]<\/div><\/div><\/div><\/section><div class=\"vc_row-full-width vc_clearfix\"><\/div>\n","protected":false},"excerpt":{"rendered":"<p>Um dos fornecedores de alimentos para restaurantes e outros estabelecimentos direcionados para o  food service.<\/p>\n","protected":false},"author":1,"featured_media":21634,"parent":0,"menu_order":0,"comment_status":"closed","ping_status":"closed","template":"","meta":{"footnotes":""},"class_list":["post-21866","page","type-page","status-publish","has-post-thumbnail","hentry"],"yoast_head":"<!-- This site is optimized with the Yoast SEO plugin v26.7 - https:\/\/yoast.com\/wordpress\/plugins\/seo\/ -->\n<title>Meigal | Distribuidores de produtos alimentares em portugal<\/title>\n<meta name=\"description\" content=\"Distribuidores de produtos alimentares em portugal, com equipa pr\u00f3pria especializada, que garante a entrega dos produtos mais frescos em 24 horas.\" \/>\n<meta name=\"robots\" content=\"index, follow, max-snippet:-1, max-image-preview:large, max-video-preview:-1\" \/>\n<link rel=\"canonical\" href=\"https:\/\/meigal.pt\/fr\/distribuidores-de-produtos-alimentares-em-portugal\/\" \/>\n<meta property=\"og:locale\" content=\"fr_FR\" \/>\n<meta property=\"og:locale:alternate\" content=\"pt_PT\" \/>\n<meta property=\"og:type\" content=\"article\" \/>\n<meta property=\"og:title\" content=\"Meigal | Distribuidores de produtos alimentares em portugal\" \/>\n<meta property=\"og:description\" content=\"Distribuidores de produtos alimentares em portugal, com equipa pr\u00f3pria especializada, que garante a entrega dos produtos mais frescos em 24 horas.\" \/>\n<meta property=\"og:url\" content=\"https:\/\/meigal.pt\/fr\/distribuidores-de-produtos-alimentares-em-portugal\/\" \/>\n<meta property=\"og:site_name\" content=\"Meigal\" \/>\n<meta property=\"article:modified_time\" content=\"2021-08-03T08:00:52+00:00\" \/>\n<meta property=\"og:image\" content=\"https:\/\/meigal.pt\/wp-content\/uploads\/2019\/04\/home_diistigue_4.png\" \/>\n\t<meta property=\"og:image:width\" content=\"97\" \/>\n\t<meta property=\"og:image:height\" content=\"97\" \/>\n\t<meta property=\"og:image:type\" content=\"image\/png\" \/>\n<meta name=\"twitter:card\" content=\"summary_large_image\" \/>\n<meta name=\"twitter:label1\" content=\"Dur\u00e9e de lecture estim\u00e9e\" \/>\n\t<meta name=\"twitter:data1\" content=\"2 minutes\" \/>\n<script type=\"application\/ld+json\" class=\"yoast-schema-graph\">{\"@context\":\"https:\/\/schema.org\",\"@graph\":[{\"@type\":\"WebPage\",\"@id\":\"https:\/\/meigal.pt\/distribuidores-de-produtos-alimentares-em-portugal\/\",\"url\":\"https:\/\/meigal.pt\/distribuidores-de-produtos-alimentares-em-portugal\/\",\"name\":\"Meigal | Distribuidores de produtos alimentares em portugal\",\"isPartOf\":{\"@id\":\"https:\/\/meigal.pt\/#website\"},\"primaryImageOfPage\":{\"@id\":\"https:\/\/meigal.pt\/distribuidores-de-produtos-alimentares-em-portugal\/#primaryimage\"},\"image\":{\"@id\":\"https:\/\/meigal.pt\/distribuidores-de-produtos-alimentares-em-portugal\/#primaryimage\"},\"thumbnailUrl\":\"https:\/\/meigal.pt\/wp-content\/uploads\/2019\/04\/home_diistigue_4.png\",\"datePublished\":\"2019-04-29T10:32:39+00:00\",\"dateModified\":\"2021-08-03T08:00:52+00:00\",\"description\":\"Distribuidores de produtos alimentares em portugal, com equipa pr\u00f3pria especializada, que garante a entrega dos produtos mais frescos em 24 horas.\",\"breadcrumb\":{\"@id\":\"https:\/\/meigal.pt\/distribuidores-de-produtos-alimentares-em-portugal\/#breadcrumb\"},\"inLanguage\":\"fr-FR\",\"potentialAction\":[{\"@type\":\"ReadAction\",\"target\":[\"https:\/\/meigal.pt\/distribuidores-de-produtos-alimentares-em-portugal\/\"]}]},{\"@type\":\"ImageObject\",\"inLanguage\":\"fr-FR\",\"@id\":\"https:\/\/meigal.pt\/distribuidores-de-produtos-alimentares-em-portugal\/#primaryimage\",\"url\":\"https:\/\/meigal.pt\/wp-content\/uploads\/2019\/04\/home_diistigue_4.png\",\"contentUrl\":\"https:\/\/meigal.pt\/wp-content\/uploads\/2019\/04\/home_diistigue_4.png\",\"width\":97,\"height\":97},{\"@type\":\"BreadcrumbList\",\"@id\":\"https:\/\/meigal.pt\/distribuidores-de-produtos-alimentares-em-portugal\/#breadcrumb\",\"itemListElement\":[{\"@type\":\"ListItem\",\"position\":1,\"name\":\"In\u00edcio\",\"item\":\"https:\/\/meigal.pt\/\"},{\"@type\":\"ListItem\",\"position\":2,\"name\":\"ENTREGA EM 24 HORAS\"}]},{\"@type\":\"WebSite\",\"@id\":\"https:\/\/meigal.pt\/#website\",\"url\":\"https:\/\/meigal.pt\/\",\"name\":\"Meigal\",\"description\":\"Distribuidor de produtos alimentares\",\"potentialAction\":[{\"@type\":\"SearchAction\",\"target\":{\"@type\":\"EntryPoint\",\"urlTemplate\":\"https:\/\/meigal.pt\/?s={search_term_string}\"},\"query-input\":{\"@type\":\"PropertyValueSpecification\",\"valueRequired\":true,\"valueName\":\"search_term_string\"}}],\"inLanguage\":\"fr-FR\"}]}<\/script>\n<!-- \/ Yoast SEO plugin. -->","yoast_head_json":{"title":"Meigal | Distribuidores de produtos alimentares em portugal","description":"Distribuidores de produtos alimentares em portugal, com equipa pr\u00f3pria especializada, que garante a entrega dos produtos mais frescos em 24 horas.","robots":{"index":"index","follow":"follow","max-snippet":"max-snippet:-1","max-image-preview":"max-image-preview:large","max-video-preview":"max-video-preview:-1"},"canonical":"https:\/\/meigal.pt\/fr\/distribuidores-de-produtos-alimentares-em-portugal\/","og_locale":"fr_FR","og_type":"article","og_title":"Meigal | Distribuidores de produtos alimentares em portugal","og_description":"Distribuidores de produtos alimentares em portugal, com equipa pr\u00f3pria especializada, que garante a entrega dos produtos mais frescos em 24 horas.","og_url":"https:\/\/meigal.pt\/fr\/distribuidores-de-produtos-alimentares-em-portugal\/","og_site_name":"Meigal","article_modified_time":"2021-08-03T08:00:52+00:00","og_image":[{"width":97,"height":97,"url":"https:\/\/meigal.pt\/wp-content\/uploads\/2019\/04\/home_diistigue_4.png","type":"image\/png"}],"twitter_card":"summary_large_image","twitter_misc":{"Dur\u00e9e de lecture estim\u00e9e":"2 minutes"},"schema":{"@context":"https:\/\/schema.org","@graph":[{"@type":"WebPage","@id":"https:\/\/meigal.pt\/distribuidores-de-produtos-alimentares-em-portugal\/","url":"https:\/\/meigal.pt\/distribuidores-de-produtos-alimentares-em-portugal\/","name":"Meigal | Distribuidores de produtos alimentares em portugal","isPartOf":{"@id":"https:\/\/meigal.pt\/#website"},"primaryImageOfPage":{"@id":"https:\/\/meigal.pt\/distribuidores-de-produtos-alimentares-em-portugal\/#primaryimage"},"image":{"@id":"https:\/\/meigal.pt\/distribuidores-de-produtos-alimentares-em-portugal\/#primaryimage"},"thumbnailUrl":"https:\/\/meigal.pt\/wp-content\/uploads\/2019\/04\/home_diistigue_4.png","datePublished":"2019-04-29T10:32:39+00:00","dateModified":"2021-08-03T08:00:52+00:00","description":"Distribuidores de produtos alimentares em portugal, com equipa pr\u00f3pria especializada, que garante a entrega dos produtos mais frescos em 24 horas.","breadcrumb":{"@id":"https:\/\/meigal.pt\/distribuidores-de-produtos-alimentares-em-portugal\/#breadcrumb"},"inLanguage":"fr-FR","potentialAction":[{"@type":"ReadAction","target":["https:\/\/meigal.pt\/distribuidores-de-produtos-alimentares-em-portugal\/"]}]},{"@type":"ImageObject","inLanguage":"fr-FR","@id":"https:\/\/meigal.pt\/distribuidores-de-produtos-alimentares-em-portugal\/#primaryimage","url":"https:\/\/meigal.pt\/wp-content\/uploads\/2019\/04\/home_diistigue_4.png","contentUrl":"https:\/\/meigal.pt\/wp-content\/uploads\/2019\/04\/home_diistigue_4.png","width":97,"height":97},{"@type":"BreadcrumbList","@id":"https:\/\/meigal.pt\/distribuidores-de-produtos-alimentares-em-portugal\/#breadcrumb","itemListElement":[{"@type":"ListItem","position":1,"name":"In\u00edcio","item":"https:\/\/meigal.pt\/"},{"@type":"ListItem","position":2,"name":"ENTREGA EM 24 HORAS"}]},{"@type":"WebSite","@id":"https:\/\/meigal.pt\/#website","url":"https:\/\/meigal.pt\/","name":"Meigal","description":"Distribuidor de produtos alimentares","potentialAction":[{"@type":"SearchAction","target":{"@type":"EntryPoint","urlTemplate":"https:\/\/meigal.pt\/?s={search_term_string}"},"query-input":{"@type":"PropertyValueSpecification","valueRequired":true,"valueName":"search_term_string"}}],"inLanguage":"fr-FR"}]}},"_links":{"self":[{"href":"https:\/\/meigal.pt\/fr\/wp-json\/wp\/v2\/pages\/21866","targetHints":{"allow":["GET"]}}],"collection":[{"href":"https:\/\/meigal.pt\/fr\/wp-json\/wp\/v2\/pages"}],"about":[{"href":"https:\/\/meigal.pt\/fr\/wp-json\/wp\/v2\/types\/page"}],"author":[{"embeddable":true,"href":"https:\/\/meigal.pt\/fr\/wp-json\/wp\/v2\/users\/1"}],"replies":[{"embeddable":true,"href":"https:\/\/meigal.pt\/fr\/wp-json\/wp\/v2\/comments?post=21866"}],"version-history":[{"count":4,"href":"https:\/\/meigal.pt\/fr\/wp-json\/wp\/v2\/pages\/21866\/revisions"}],"predecessor-version":[{"id":24894,"href":"https:\/\/meigal.pt\/fr\/wp-json\/wp\/v2\/pages\/21866\/revisions\/24894"}],"wp:featuredmedia":[{"embeddable":true,"href":"https:\/\/meigal.pt\/fr\/wp-json\/wp\/v2\/media\/21634"}],"wp:attachment":[{"href":"https:\/\/meigal.pt\/fr\/wp-json\/wp\/v2\/media?parent=21866"}],"curies":[{"name":"wp","href":"https:\/\/api.w.org\/{rel}","templated":true}]}}