{"id":24189,"date":"2020-05-08T11:10:18","date_gmt":"2020-05-08T11:10:18","guid":{"rendered":"https:\/\/meigal.pt\/loja\/sem%20categoria\/import-placeholder-for-30023\/"},"modified":"2022-08-12T09:24:30","modified_gmt":"2022-08-12T09:24:30","slug":"vaos-da-costeleta-de-borrego","status":"publish","type":"product","link":"https:\/\/meigal.pt\/fr\/produtos\/%postname%\/vaos-da-costeleta-de-borrego\/","title":{"rendered":"Train de c\u00f4tes d\u2019agneau"},"content":{"rendered":"<p>Produto obtido da desmancha da carca\u00e7a de borrego, oriundo da Nova Zel\u00e2ndia (pe\u00e7a correspondente \u00e1s hemi-v\u00e9rtebras cervicais, hemi-v\u00e9rtebras dorsais, hemi-v\u00e9rtebras lombares, ter\u00e7o superior das costelas e respectivas massas musculares).<\/p>\n","protected":false},"excerpt":{"rendered":"<p>Produto obtido da desmancha da carca\u00e7a de borrego, oriundo da Nova Zel\u00e2ndia (pe\u00e7a correspondente \u00e1s hemi-v\u00e9rtebras cervicais, hemi-v\u00e9rtebras dorsais, hemi-v\u00e9rtebras lombares, ter\u00e7o superior das costelas e respectivas massas musculares).<\/p>\n","protected":false},"featured_media":22968,"comment_status":"closed","ping_status":"closed","template":"","meta":[],"product_cat":[269],"product_tag":[],"class_list":{"0":"post-24189","1":"product","2":"type-product","3":"status-publish","4":"has-post-thumbnail","6":"product_cat-ovino","8":"first","9":"outofstock","10":"virtual","11":"product-type-simple","12":"pofo-product-3col"},"yoast_head":"<!-- This site is optimized with the Yoast SEO plugin v26.7 - https:\/\/yoast.com\/wordpress\/plugins\/seo\/ -->\n<title>Train de c\u00f4tes d\u2019agneau<\/title>\n<meta name=\"robots\" content=\"index, follow, max-snippet:-1, max-image-preview:large, max-video-preview:-1\" \/>\n<link rel=\"canonical\" href=\"https:\/\/meigal.pt\/fr\/produtos\/%postname%\/vaos-da-costeleta-de-borrego\/\" \/>\n<meta property=\"og:locale\" content=\"fr_FR\" \/>\n<meta property=\"og:locale:alternate\" content=\"pt_PT\" \/>\n<meta property=\"og:type\" content=\"article\" \/>\n<meta property=\"og:title\" content=\"Train de c\u00f4tes d\u2019agneau\" \/>\n<meta property=\"og:description\" content=\"Produto obtido da desmancha da carca\u00e7a de borrego, oriundo da Nova Zel\u00e2ndia (pe\u00e7a correspondente \u00e1s hemi-v\u00e9rtebras cervicais, hemi-v\u00e9rtebras dorsais, hemi-v\u00e9rtebras lombares, ter\u00e7o superior das costelas e respectivas massas musculares).\" \/>\n<meta property=\"og:url\" content=\"https:\/\/meigal.pt\/fr\/produtos\/%postname%\/vaos-da-costeleta-de-borrego\/\" \/>\n<meta property=\"og:site_name\" content=\"Meigal\" \/>\n<meta property=\"article:modified_time\" content=\"2022-08-12T09:24:30+00:00\" \/>\n<meta property=\"og:image\" content=\"https:\/\/meigal.pt\/wp-content\/uploads\/2020\/05\/1000000475_V\u00e3os_da_Costeleta_de_Borrego.jpg.jpg\" \/>\n\t<meta property=\"og:image:width\" content=\"1920\" \/>\n\t<meta property=\"og:image:height\" content=\"1080\" \/>\n\t<meta property=\"og:image:type\" content=\"image\/jpeg\" \/>\n<meta name=\"twitter:card\" content=\"summary_large_image\" \/>\n<script type=\"application\/ld+json\" class=\"yoast-schema-graph\">{\"@context\":\"https:\/\/schema.org\",\"@graph\":[{\"@type\":\"WebPage\",\"@id\":\"https:\/\/meigal.pt\/produtos\/%postname%\/vaos-da-costeleta-de-borrego\/\",\"url\":\"https:\/\/meigal.pt\/produtos\/%postname%\/vaos-da-costeleta-de-borrego\/\",\"name\":\"Train de c\u00f4tes d\u2019agneau\",\"isPartOf\":{\"@id\":\"https:\/\/meigal.pt\/#website\"},\"primaryImageOfPage\":{\"@id\":\"https:\/\/meigal.pt\/produtos\/%postname%\/vaos-da-costeleta-de-borrego\/#primaryimage\"},\"image\":{\"@id\":\"https:\/\/meigal.pt\/produtos\/%postname%\/vaos-da-costeleta-de-borrego\/#primaryimage\"},\"thumbnailUrl\":\"https:\/\/meigal.pt\/wp-content\/uploads\/2020\/05\/1000000475_V\u00e3os_da_Costeleta_de_Borrego.jpg.jpg\",\"datePublished\":\"2020-05-08T11:10:18+00:00\",\"dateModified\":\"2022-08-12T09:24:30+00:00\",\"breadcrumb\":{\"@id\":\"https:\/\/meigal.pt\/produtos\/%postname%\/vaos-da-costeleta-de-borrego\/#breadcrumb\"},\"inLanguage\":\"fr-FR\",\"potentialAction\":[{\"@type\":\"ReadAction\",\"target\":[\"https:\/\/meigal.pt\/produtos\/%postname%\/vaos-da-costeleta-de-borrego\/\"]}]},{\"@type\":\"ImageObject\",\"inLanguage\":\"fr-FR\",\"@id\":\"https:\/\/meigal.pt\/produtos\/%postname%\/vaos-da-costeleta-de-borrego\/#primaryimage\",\"url\":\"https:\/\/meigal.pt\/wp-content\/uploads\/2020\/05\/1000000475_V\u00e3os_da_Costeleta_de_Borrego.jpg.jpg\",\"contentUrl\":\"https:\/\/meigal.pt\/wp-content\/uploads\/2020\/05\/1000000475_V\u00e3os_da_Costeleta_de_Borrego.jpg.jpg\",\"width\":1920,\"height\":1080},{\"@type\":\"BreadcrumbList\",\"@id\":\"https:\/\/meigal.pt\/produtos\/%postname%\/vaos-da-costeleta-de-borrego\/#breadcrumb\",\"itemListElement\":[{\"@type\":\"ListItem\",\"position\":1,\"name\":\"In\u00edcio\",\"item\":\"https:\/\/meigal.pt\/\"},{\"@type\":\"ListItem\",\"position\":2,\"name\":\"Produtos\",\"item\":\"https:\/\/meigal.pt\/shop\/\"},{\"@type\":\"ListItem\",\"position\":3,\"name\":\"V\u00e3os da Costeleta de Borrego\"}]},{\"@type\":\"WebSite\",\"@id\":\"https:\/\/meigal.pt\/#website\",\"url\":\"https:\/\/meigal.pt\/\",\"name\":\"Meigal\",\"description\":\"Distribuidor de produtos alimentares\",\"potentialAction\":[{\"@type\":\"SearchAction\",\"target\":{\"@type\":\"EntryPoint\",\"urlTemplate\":\"https:\/\/meigal.pt\/?s={search_term_string}\"},\"query-input\":{\"@type\":\"PropertyValueSpecification\",\"valueRequired\":true,\"valueName\":\"search_term_string\"}}],\"inLanguage\":\"fr-FR\"}]}<\/script>\n<!-- \/ Yoast SEO plugin. -->","yoast_head_json":{"title":"Train de c\u00f4tes d\u2019agneau","robots":{"index":"index","follow":"follow","max-snippet":"max-snippet:-1","max-image-preview":"max-image-preview:large","max-video-preview":"max-video-preview:-1"},"canonical":"https:\/\/meigal.pt\/fr\/produtos\/%postname%\/vaos-da-costeleta-de-borrego\/","og_locale":"fr_FR","og_type":"article","og_title":"[:fr]Train de c\u00f4tes d\u2019agneau[:pt]V\u00e3os da Costeleta de Borrego[:] - Meigal","og_description":"Produto obtido da desmancha da carca\u00e7a de borrego, oriundo da Nova Zel\u00e2ndia (pe\u00e7a correspondente \u00e1s hemi-v\u00e9rtebras cervicais, hemi-v\u00e9rtebras dorsais, hemi-v\u00e9rtebras lombares, ter\u00e7o superior das costelas e respectivas massas musculares).","og_url":"https:\/\/meigal.pt\/fr\/produtos\/%postname%\/vaos-da-costeleta-de-borrego\/","og_site_name":"Meigal","article_modified_time":"2022-08-12T09:24:30+00:00","og_image":[{"width":1920,"height":1080,"url":"https:\/\/meigal.pt\/wp-content\/uploads\/2020\/05\/1000000475_V\u00e3os_da_Costeleta_de_Borrego.jpg.jpg","type":"image\/jpeg"}],"twitter_card":"summary_large_image","schema":{"@context":"https:\/\/schema.org","@graph":[{"@type":"WebPage","@id":"https:\/\/meigal.pt\/produtos\/%postname%\/vaos-da-costeleta-de-borrego\/","url":"https:\/\/meigal.pt\/produtos\/%postname%\/vaos-da-costeleta-de-borrego\/","name":"Train de c\u00f4tes d\u2019agneau","isPartOf":{"@id":"https:\/\/meigal.pt\/#website"},"primaryImageOfPage":{"@id":"https:\/\/meigal.pt\/produtos\/%postname%\/vaos-da-costeleta-de-borrego\/#primaryimage"},"image":{"@id":"https:\/\/meigal.pt\/produtos\/%postname%\/vaos-da-costeleta-de-borrego\/#primaryimage"},"thumbnailUrl":"https:\/\/meigal.pt\/wp-content\/uploads\/2020\/05\/1000000475_V\u00e3os_da_Costeleta_de_Borrego.jpg.jpg","datePublished":"2020-05-08T11:10:18+00:00","dateModified":"2022-08-12T09:24:30+00:00","breadcrumb":{"@id":"https:\/\/meigal.pt\/produtos\/%postname%\/vaos-da-costeleta-de-borrego\/#breadcrumb"},"inLanguage":"fr-FR","potentialAction":[{"@type":"ReadAction","target":["https:\/\/meigal.pt\/produtos\/%postname%\/vaos-da-costeleta-de-borrego\/"]}]},{"@type":"ImageObject","inLanguage":"fr-FR","@id":"https:\/\/meigal.pt\/produtos\/%postname%\/vaos-da-costeleta-de-borrego\/#primaryimage","url":"https:\/\/meigal.pt\/wp-content\/uploads\/2020\/05\/1000000475_V\u00e3os_da_Costeleta_de_Borrego.jpg.jpg","contentUrl":"https:\/\/meigal.pt\/wp-content\/uploads\/2020\/05\/1000000475_V\u00e3os_da_Costeleta_de_Borrego.jpg.jpg","width":1920,"height":1080},{"@type":"BreadcrumbList","@id":"https:\/\/meigal.pt\/produtos\/%postname%\/vaos-da-costeleta-de-borrego\/#breadcrumb","itemListElement":[{"@type":"ListItem","position":1,"name":"In\u00edcio","item":"https:\/\/meigal.pt\/"},{"@type":"ListItem","position":2,"name":"Produtos","item":"https:\/\/meigal.pt\/shop\/"},{"@type":"ListItem","position":3,"name":"V\u00e3os da Costeleta de Borrego"}]},{"@type":"WebSite","@id":"https:\/\/meigal.pt\/#website","url":"https:\/\/meigal.pt\/","name":"Meigal","description":"Distribuidor de produtos alimentares","potentialAction":[{"@type":"SearchAction","target":{"@type":"EntryPoint","urlTemplate":"https:\/\/meigal.pt\/?s={search_term_string}"},"query-input":{"@type":"PropertyValueSpecification","valueRequired":true,"valueName":"search_term_string"}}],"inLanguage":"fr-FR"}]}},"_links":{"self":[{"href":"https:\/\/meigal.pt\/fr\/wp-json\/wp\/v2\/product\/24189","targetHints":{"allow":["GET"]}}],"collection":[{"href":"https:\/\/meigal.pt\/fr\/wp-json\/wp\/v2\/product"}],"about":[{"href":"https:\/\/meigal.pt\/fr\/wp-json\/wp\/v2\/types\/product"}],"replies":[{"embeddable":true,"href":"https:\/\/meigal.pt\/fr\/wp-json\/wp\/v2\/comments?post=24189"}],"wp:featuredmedia":[{"embeddable":true,"href":"https:\/\/meigal.pt\/fr\/wp-json\/wp\/v2\/media\/22968"}],"wp:attachment":[{"href":"https:\/\/meigal.pt\/fr\/wp-json\/wp\/v2\/media?parent=24189"}],"wp:term":[{"taxonomy":"product_cat","embeddable":true,"href":"https:\/\/meigal.pt\/fr\/wp-json\/wp\/v2\/product_cat?post=24189"},{"taxonomy":"product_tag","embeddable":true,"href":"https:\/\/meigal.pt\/fr\/wp-json\/wp\/v2\/product_tag?post=24189"}],"curies":[{"name":"wp","href":"https:\/\/api.w.org\/{rel}","templated":true}]}}