{"id":24278,"date":"2020-05-08T11:13:05","date_gmt":"2020-05-08T11:13:05","guid":{"rendered":"https:\/\/meigal.pt\/loja\/sem%20categoria\/import-placeholder-for-30112\/"},"modified":"2022-08-11T14:56:26","modified_gmt":"2022-08-11T14:56:26","slug":"brocolos","status":"publish","type":"product","link":"https:\/\/meigal.pt\/fr\/produtos\/%postname%\/brocolos\/","title":{"rendered":"Brocolis"},"content":{"rendered":"<p>Os br\u00f3colos s\u00e3o um vegetal cada vez mais consumido pela popula\u00e7\u00e3o. Gra\u00e7as \u00e0 sua versatilidade podem ser confecionados de variadas formas tais como, cozidos, grelhados, em sopas, tortas etc. Este produto apresenta-se em Floretes de 40\/60mm.<\/p>\n","protected":false},"excerpt":{"rendered":"<p>Os br\u00f3colos s\u00e3o um vegetal cada vez mais consumido pela popula\u00e7\u00e3o. Gra\u00e7as \u00e0 sua versatilidade podem ser confecionados de variadas formas tais como, cozidos, grelhados, em sopas, tortas etc. Este produto apresenta-se em Floretes de 40\/60mm.<\/p>\n","protected":false},"featured_media":23132,"comment_status":"closed","ping_status":"closed","template":"","meta":[],"product_cat":[296],"product_tag":[],"class_list":{"0":"post-24278","1":"product","2":"type-product","3":"status-publish","4":"has-post-thumbnail","6":"product_cat-legumes-legumes","8":"first","9":"outofstock","10":"virtual","11":"product-type-simple","12":"pofo-product-3col"},"yoast_head":"<!-- This site is optimized with the Yoast SEO plugin v26.7 - https:\/\/yoast.com\/wordpress\/plugins\/seo\/ -->\n<title>Brocolis<\/title>\n<meta name=\"robots\" content=\"index, follow, max-snippet:-1, max-image-preview:large, max-video-preview:-1\" \/>\n<link rel=\"canonical\" href=\"https:\/\/meigal.pt\/fr\/produtos\/%postname%\/brocolos\/\" \/>\n<meta property=\"og:locale\" content=\"fr_FR\" \/>\n<meta property=\"og:locale:alternate\" content=\"pt_PT\" \/>\n<meta property=\"og:type\" content=\"article\" \/>\n<meta property=\"og:title\" content=\"Brocolis\" \/>\n<meta property=\"og:description\" content=\"Os br\u00f3colos s\u00e3o um vegetal cada vez mais consumido pela popula\u00e7\u00e3o. Gra\u00e7as \u00e0 sua versatilidade podem ser confecionados de variadas formas tais como, cozidos, grelhados, em sopas, tortas etc. Este produto apresenta-se em Floretes de 40\/60mm.\" \/>\n<meta property=\"og:url\" content=\"https:\/\/meigal.pt\/fr\/produtos\/%postname%\/brocolos\/\" \/>\n<meta property=\"og:site_name\" content=\"Meigal\" \/>\n<meta property=\"article:modified_time\" content=\"2022-08-11T14:56:26+00:00\" \/>\n<meta property=\"og:image\" content=\"https:\/\/meigal.pt\/wp-content\/uploads\/2020\/05\/1000000516_Br\u00f3colos.jpg.jpg\" \/>\n\t<meta property=\"og:image:width\" content=\"1920\" \/>\n\t<meta property=\"og:image:height\" content=\"1081\" \/>\n\t<meta property=\"og:image:type\" content=\"image\/jpeg\" \/>\n<meta name=\"twitter:card\" content=\"summary_large_image\" \/>\n<script type=\"application\/ld+json\" class=\"yoast-schema-graph\">{\"@context\":\"https:\/\/schema.org\",\"@graph\":[{\"@type\":\"WebPage\",\"@id\":\"https:\/\/meigal.pt\/produtos\/%postname%\/brocolos\/\",\"url\":\"https:\/\/meigal.pt\/produtos\/%postname%\/brocolos\/\",\"name\":\"Brocolis\",\"isPartOf\":{\"@id\":\"https:\/\/meigal.pt\/#website\"},\"primaryImageOfPage\":{\"@id\":\"https:\/\/meigal.pt\/produtos\/%postname%\/brocolos\/#primaryimage\"},\"image\":{\"@id\":\"https:\/\/meigal.pt\/produtos\/%postname%\/brocolos\/#primaryimage\"},\"thumbnailUrl\":\"https:\/\/meigal.pt\/wp-content\/uploads\/2020\/05\/1000000516_Br\u00f3colos.jpg.jpg\",\"datePublished\":\"2020-05-08T11:13:05+00:00\",\"dateModified\":\"2022-08-11T14:56:26+00:00\",\"breadcrumb\":{\"@id\":\"https:\/\/meigal.pt\/produtos\/%postname%\/brocolos\/#breadcrumb\"},\"inLanguage\":\"fr-FR\",\"potentialAction\":[{\"@type\":\"ReadAction\",\"target\":[\"https:\/\/meigal.pt\/produtos\/%postname%\/brocolos\/\"]}]},{\"@type\":\"ImageObject\",\"inLanguage\":\"fr-FR\",\"@id\":\"https:\/\/meigal.pt\/produtos\/%postname%\/brocolos\/#primaryimage\",\"url\":\"https:\/\/meigal.pt\/wp-content\/uploads\/2020\/05\/1000000516_Br\u00f3colos.jpg.jpg\",\"contentUrl\":\"https:\/\/meigal.pt\/wp-content\/uploads\/2020\/05\/1000000516_Br\u00f3colos.jpg.jpg\",\"width\":1920,\"height\":1081},{\"@type\":\"BreadcrumbList\",\"@id\":\"https:\/\/meigal.pt\/produtos\/%postname%\/brocolos\/#breadcrumb\",\"itemListElement\":[{\"@type\":\"ListItem\",\"position\":1,\"name\":\"In\u00edcio\",\"item\":\"https:\/\/meigal.pt\/\"},{\"@type\":\"ListItem\",\"position\":2,\"name\":\"Produtos\",\"item\":\"https:\/\/meigal.pt\/shop\/\"},{\"@type\":\"ListItem\",\"position\":3,\"name\":\"Br\u00f3colos\"}]},{\"@type\":\"WebSite\",\"@id\":\"https:\/\/meigal.pt\/#website\",\"url\":\"https:\/\/meigal.pt\/\",\"name\":\"Meigal\",\"description\":\"Distribuidor de produtos alimentares\",\"potentialAction\":[{\"@type\":\"SearchAction\",\"target\":{\"@type\":\"EntryPoint\",\"urlTemplate\":\"https:\/\/meigal.pt\/?s={search_term_string}\"},\"query-input\":{\"@type\":\"PropertyValueSpecification\",\"valueRequired\":true,\"valueName\":\"search_term_string\"}}],\"inLanguage\":\"fr-FR\"}]}<\/script>\n<!-- \/ Yoast SEO plugin. -->","yoast_head_json":{"title":"Brocolis","robots":{"index":"index","follow":"follow","max-snippet":"max-snippet:-1","max-image-preview":"max-image-preview:large","max-video-preview":"max-video-preview:-1"},"canonical":"https:\/\/meigal.pt\/fr\/produtos\/%postname%\/brocolos\/","og_locale":"fr_FR","og_type":"article","og_title":"[:fr]Brocolis[:pt]Br\u00f3colos[:] - Meigal","og_description":"Os br\u00f3colos s\u00e3o um vegetal cada vez mais consumido pela popula\u00e7\u00e3o. Gra\u00e7as \u00e0 sua versatilidade podem ser confecionados de variadas formas tais como, cozidos, grelhados, em sopas, tortas etc. Este produto apresenta-se em Floretes de 40\/60mm.","og_url":"https:\/\/meigal.pt\/fr\/produtos\/%postname%\/brocolos\/","og_site_name":"Meigal","article_modified_time":"2022-08-11T14:56:26+00:00","og_image":[{"width":1920,"height":1081,"url":"https:\/\/meigal.pt\/wp-content\/uploads\/2020\/05\/1000000516_Br\u00f3colos.jpg.jpg","type":"image\/jpeg"}],"twitter_card":"summary_large_image","schema":{"@context":"https:\/\/schema.org","@graph":[{"@type":"WebPage","@id":"https:\/\/meigal.pt\/produtos\/%postname%\/brocolos\/","url":"https:\/\/meigal.pt\/produtos\/%postname%\/brocolos\/","name":"Brocolis","isPartOf":{"@id":"https:\/\/meigal.pt\/#website"},"primaryImageOfPage":{"@id":"https:\/\/meigal.pt\/produtos\/%postname%\/brocolos\/#primaryimage"},"image":{"@id":"https:\/\/meigal.pt\/produtos\/%postname%\/brocolos\/#primaryimage"},"thumbnailUrl":"https:\/\/meigal.pt\/wp-content\/uploads\/2020\/05\/1000000516_Br\u00f3colos.jpg.jpg","datePublished":"2020-05-08T11:13:05+00:00","dateModified":"2022-08-11T14:56:26+00:00","breadcrumb":{"@id":"https:\/\/meigal.pt\/produtos\/%postname%\/brocolos\/#breadcrumb"},"inLanguage":"fr-FR","potentialAction":[{"@type":"ReadAction","target":["https:\/\/meigal.pt\/produtos\/%postname%\/brocolos\/"]}]},{"@type":"ImageObject","inLanguage":"fr-FR","@id":"https:\/\/meigal.pt\/produtos\/%postname%\/brocolos\/#primaryimage","url":"https:\/\/meigal.pt\/wp-content\/uploads\/2020\/05\/1000000516_Br\u00f3colos.jpg.jpg","contentUrl":"https:\/\/meigal.pt\/wp-content\/uploads\/2020\/05\/1000000516_Br\u00f3colos.jpg.jpg","width":1920,"height":1081},{"@type":"BreadcrumbList","@id":"https:\/\/meigal.pt\/produtos\/%postname%\/brocolos\/#breadcrumb","itemListElement":[{"@type":"ListItem","position":1,"name":"In\u00edcio","item":"https:\/\/meigal.pt\/"},{"@type":"ListItem","position":2,"name":"Produtos","item":"https:\/\/meigal.pt\/shop\/"},{"@type":"ListItem","position":3,"name":"Br\u00f3colos"}]},{"@type":"WebSite","@id":"https:\/\/meigal.pt\/#website","url":"https:\/\/meigal.pt\/","name":"Meigal","description":"Distribuidor de produtos alimentares","potentialAction":[{"@type":"SearchAction","target":{"@type":"EntryPoint","urlTemplate":"https:\/\/meigal.pt\/?s={search_term_string}"},"query-input":{"@type":"PropertyValueSpecification","valueRequired":true,"valueName":"search_term_string"}}],"inLanguage":"fr-FR"}]}},"_links":{"self":[{"href":"https:\/\/meigal.pt\/fr\/wp-json\/wp\/v2\/product\/24278","targetHints":{"allow":["GET"]}}],"collection":[{"href":"https:\/\/meigal.pt\/fr\/wp-json\/wp\/v2\/product"}],"about":[{"href":"https:\/\/meigal.pt\/fr\/wp-json\/wp\/v2\/types\/product"}],"replies":[{"embeddable":true,"href":"https:\/\/meigal.pt\/fr\/wp-json\/wp\/v2\/comments?post=24278"}],"wp:featuredmedia":[{"embeddable":true,"href":"https:\/\/meigal.pt\/fr\/wp-json\/wp\/v2\/media\/23132"}],"wp:attachment":[{"href":"https:\/\/meigal.pt\/fr\/wp-json\/wp\/v2\/media?parent=24278"}],"wp:term":[{"taxonomy":"product_cat","embeddable":true,"href":"https:\/\/meigal.pt\/fr\/wp-json\/wp\/v2\/product_cat?post=24278"},{"taxonomy":"product_tag","embeddable":true,"href":"https:\/\/meigal.pt\/fr\/wp-json\/wp\/v2\/product_tag?post=24278"}],"curies":[{"name":"wp","href":"https:\/\/api.w.org\/{rel}","templated":true}]}}