{"id":24323,"date":"2020-05-08T11:14:46","date_gmt":"2020-05-08T11:14:46","guid":{"rendered":"https:\/\/meigal.pt\/loja\/sem%20categoria\/import-placeholder-for-30157\/"},"modified":"2022-08-11T15:02:44","modified_gmt":"2022-08-11T15:02:44","slug":"fricasse-de-frango","status":"publish","type":"product","link":"https:\/\/meigal.pt\/fr\/produtos\/%postname%\/fricasse-de-frango\/","title":{"rendered":"Fricass\u00e9e de poulet"},"content":{"rendered":"<p>Este produto \u00e9 constitu\u00eddo por 1 asa, 2 costas, 2 coxas com rabo, 1 perninha partida, ou outras partes nobres de frango preparadas para a elabora\u00e7\u00e3o de um fricass\u00e9.<\/p>\n","protected":false},"excerpt":{"rendered":"<p>Este produto \u00e9 constitu\u00eddo por 1 asa, 2 costas, 2 coxas com rabo, 1 perninha partida, ou outras partes nobres de frango preparadas para a elabora\u00e7\u00e3o de um fricass\u00e9.<\/p>\n","protected":false},"featured_media":22919,"comment_status":"closed","ping_status":"closed","template":"","meta":[],"product_cat":[303],"product_tag":[],"class_list":{"0":"post-24323","1":"product","2":"type-product","3":"status-publish","4":"has-post-thumbnail","6":"product_cat-partes-de-frango","8":"first","9":"outofstock","10":"virtual","11":"product-type-simple","12":"pofo-product-3col"},"yoast_head":"<!-- This site is optimized with the Yoast SEO plugin v26.7 - https:\/\/yoast.com\/wordpress\/plugins\/seo\/ -->\n<title>Fricass\u00e9e de poulet<\/title>\n<meta name=\"robots\" content=\"index, follow, max-snippet:-1, max-image-preview:large, max-video-preview:-1\" \/>\n<link rel=\"canonical\" href=\"https:\/\/meigal.pt\/fr\/produtos\/%postname%\/fricasse-de-frango\/\" \/>\n<meta property=\"og:locale\" content=\"fr_FR\" \/>\n<meta property=\"og:locale:alternate\" content=\"pt_PT\" \/>\n<meta property=\"og:type\" content=\"article\" \/>\n<meta property=\"og:title\" content=\"Fricass\u00e9e de poulet\" \/>\n<meta property=\"og:description\" content=\"Este produto \u00e9 constitu\u00eddo por 1 asa, 2 costas, 2 coxas com rabo, 1 perninha partida, ou outras partes nobres de frango preparadas para a elabora\u00e7\u00e3o de um fricass\u00e9.\" \/>\n<meta property=\"og:url\" content=\"https:\/\/meigal.pt\/fr\/produtos\/%postname%\/fricasse-de-frango\/\" \/>\n<meta property=\"og:site_name\" content=\"Meigal\" \/>\n<meta property=\"article:modified_time\" content=\"2022-08-11T15:02:44+00:00\" \/>\n<meta property=\"og:image\" content=\"https:\/\/meigal.pt\/wp-content\/uploads\/2020\/05\/1000001542_Fricass\u00e9_de_Frango.jpg.jpg\" \/>\n\t<meta property=\"og:image:width\" content=\"1920\" \/>\n\t<meta property=\"og:image:height\" content=\"1080\" \/>\n\t<meta property=\"og:image:type\" content=\"image\/jpeg\" \/>\n<meta name=\"twitter:card\" content=\"summary_large_image\" \/>\n<script type=\"application\/ld+json\" class=\"yoast-schema-graph\">{\"@context\":\"https:\/\/schema.org\",\"@graph\":[{\"@type\":\"WebPage\",\"@id\":\"https:\/\/meigal.pt\/produtos\/%postname%\/fricasse-de-frango\/\",\"url\":\"https:\/\/meigal.pt\/produtos\/%postname%\/fricasse-de-frango\/\",\"name\":\"Fricass\u00e9e de poulet\",\"isPartOf\":{\"@id\":\"https:\/\/meigal.pt\/#website\"},\"primaryImageOfPage\":{\"@id\":\"https:\/\/meigal.pt\/produtos\/%postname%\/fricasse-de-frango\/#primaryimage\"},\"image\":{\"@id\":\"https:\/\/meigal.pt\/produtos\/%postname%\/fricasse-de-frango\/#primaryimage\"},\"thumbnailUrl\":\"https:\/\/meigal.pt\/wp-content\/uploads\/2020\/05\/1000001542_Fricass\u00e9_de_Frango.jpg.jpg\",\"datePublished\":\"2020-05-08T11:14:46+00:00\",\"dateModified\":\"2022-08-11T15:02:44+00:00\",\"breadcrumb\":{\"@id\":\"https:\/\/meigal.pt\/produtos\/%postname%\/fricasse-de-frango\/#breadcrumb\"},\"inLanguage\":\"fr-FR\",\"potentialAction\":[{\"@type\":\"ReadAction\",\"target\":[\"https:\/\/meigal.pt\/produtos\/%postname%\/fricasse-de-frango\/\"]}]},{\"@type\":\"ImageObject\",\"inLanguage\":\"fr-FR\",\"@id\":\"https:\/\/meigal.pt\/produtos\/%postname%\/fricasse-de-frango\/#primaryimage\",\"url\":\"https:\/\/meigal.pt\/wp-content\/uploads\/2020\/05\/1000001542_Fricass\u00e9_de_Frango.jpg.jpg\",\"contentUrl\":\"https:\/\/meigal.pt\/wp-content\/uploads\/2020\/05\/1000001542_Fricass\u00e9_de_Frango.jpg.jpg\",\"width\":1920,\"height\":1080},{\"@type\":\"BreadcrumbList\",\"@id\":\"https:\/\/meigal.pt\/produtos\/%postname%\/fricasse-de-frango\/#breadcrumb\",\"itemListElement\":[{\"@type\":\"ListItem\",\"position\":1,\"name\":\"In\u00edcio\",\"item\":\"https:\/\/meigal.pt\/\"},{\"@type\":\"ListItem\",\"position\":2,\"name\":\"Produtos\",\"item\":\"https:\/\/meigal.pt\/shop\/\"},{\"@type\":\"ListItem\",\"position\":3,\"name\":\"Fricass\u00e9e de poulet\"}]},{\"@type\":\"WebSite\",\"@id\":\"https:\/\/meigal.pt\/#website\",\"url\":\"https:\/\/meigal.pt\/\",\"name\":\"Meigal\",\"description\":\"Distribuidor de produtos alimentares\",\"potentialAction\":[{\"@type\":\"SearchAction\",\"target\":{\"@type\":\"EntryPoint\",\"urlTemplate\":\"https:\/\/meigal.pt\/?s={search_term_string}\"},\"query-input\":{\"@type\":\"PropertyValueSpecification\",\"valueRequired\":true,\"valueName\":\"search_term_string\"}}],\"inLanguage\":\"fr-FR\"}]}<\/script>\n<!-- \/ Yoast SEO plugin. -->","yoast_head_json":{"title":"Fricass\u00e9e de poulet","robots":{"index":"index","follow":"follow","max-snippet":"max-snippet:-1","max-image-preview":"max-image-preview:large","max-video-preview":"max-video-preview:-1"},"canonical":"https:\/\/meigal.pt\/fr\/produtos\/%postname%\/fricasse-de-frango\/","og_locale":"fr_FR","og_type":"article","og_title":"[:fr]Fricass\u00e9e de poulet[:pt]Fricass\u00e9 de Frango[:] - Meigal","og_description":"Este produto \u00e9 constitu\u00eddo por 1 asa, 2 costas, 2 coxas com rabo, 1 perninha partida, ou outras partes nobres de frango preparadas para a elabora\u00e7\u00e3o de um fricass\u00e9.","og_url":"https:\/\/meigal.pt\/fr\/produtos\/%postname%\/fricasse-de-frango\/","og_site_name":"Meigal","article_modified_time":"2022-08-11T15:02:44+00:00","og_image":[{"width":1920,"height":1080,"url":"https:\/\/meigal.pt\/wp-content\/uploads\/2020\/05\/1000001542_Fricass\u00e9_de_Frango.jpg.jpg","type":"image\/jpeg"}],"twitter_card":"summary_large_image","schema":{"@context":"https:\/\/schema.org","@graph":[{"@type":"WebPage","@id":"https:\/\/meigal.pt\/produtos\/%postname%\/fricasse-de-frango\/","url":"https:\/\/meigal.pt\/produtos\/%postname%\/fricasse-de-frango\/","name":"Fricass\u00e9e de poulet","isPartOf":{"@id":"https:\/\/meigal.pt\/#website"},"primaryImageOfPage":{"@id":"https:\/\/meigal.pt\/produtos\/%postname%\/fricasse-de-frango\/#primaryimage"},"image":{"@id":"https:\/\/meigal.pt\/produtos\/%postname%\/fricasse-de-frango\/#primaryimage"},"thumbnailUrl":"https:\/\/meigal.pt\/wp-content\/uploads\/2020\/05\/1000001542_Fricass\u00e9_de_Frango.jpg.jpg","datePublished":"2020-05-08T11:14:46+00:00","dateModified":"2022-08-11T15:02:44+00:00","breadcrumb":{"@id":"https:\/\/meigal.pt\/produtos\/%postname%\/fricasse-de-frango\/#breadcrumb"},"inLanguage":"fr-FR","potentialAction":[{"@type":"ReadAction","target":["https:\/\/meigal.pt\/produtos\/%postname%\/fricasse-de-frango\/"]}]},{"@type":"ImageObject","inLanguage":"fr-FR","@id":"https:\/\/meigal.pt\/produtos\/%postname%\/fricasse-de-frango\/#primaryimage","url":"https:\/\/meigal.pt\/wp-content\/uploads\/2020\/05\/1000001542_Fricass\u00e9_de_Frango.jpg.jpg","contentUrl":"https:\/\/meigal.pt\/wp-content\/uploads\/2020\/05\/1000001542_Fricass\u00e9_de_Frango.jpg.jpg","width":1920,"height":1080},{"@type":"BreadcrumbList","@id":"https:\/\/meigal.pt\/produtos\/%postname%\/fricasse-de-frango\/#breadcrumb","itemListElement":[{"@type":"ListItem","position":1,"name":"In\u00edcio","item":"https:\/\/meigal.pt\/"},{"@type":"ListItem","position":2,"name":"Produtos","item":"https:\/\/meigal.pt\/shop\/"},{"@type":"ListItem","position":3,"name":"Fricass\u00e9e de poulet"}]},{"@type":"WebSite","@id":"https:\/\/meigal.pt\/#website","url":"https:\/\/meigal.pt\/","name":"Meigal","description":"Distribuidor de produtos alimentares","potentialAction":[{"@type":"SearchAction","target":{"@type":"EntryPoint","urlTemplate":"https:\/\/meigal.pt\/?s={search_term_string}"},"query-input":{"@type":"PropertyValueSpecification","valueRequired":true,"valueName":"search_term_string"}}],"inLanguage":"fr-FR"}]}},"_links":{"self":[{"href":"https:\/\/meigal.pt\/fr\/wp-json\/wp\/v2\/product\/24323","targetHints":{"allow":["GET"]}}],"collection":[{"href":"https:\/\/meigal.pt\/fr\/wp-json\/wp\/v2\/product"}],"about":[{"href":"https:\/\/meigal.pt\/fr\/wp-json\/wp\/v2\/types\/product"}],"replies":[{"embeddable":true,"href":"https:\/\/meigal.pt\/fr\/wp-json\/wp\/v2\/comments?post=24323"}],"wp:featuredmedia":[{"embeddable":true,"href":"https:\/\/meigal.pt\/fr\/wp-json\/wp\/v2\/media\/22919"}],"wp:attachment":[{"href":"https:\/\/meigal.pt\/fr\/wp-json\/wp\/v2\/media?parent=24323"}],"wp:term":[{"taxonomy":"product_cat","embeddable":true,"href":"https:\/\/meigal.pt\/fr\/wp-json\/wp\/v2\/product_cat?post=24323"},{"taxonomy":"product_tag","embeddable":true,"href":"https:\/\/meigal.pt\/fr\/wp-json\/wp\/v2\/product_tag?post=24323"}],"curies":[{"name":"wp","href":"https:\/\/api.w.org\/{rel}","templated":true}]}}