{"id":24382,"date":"2020-05-08T11:17:22","date_gmt":"2020-05-08T11:17:22","guid":{"rendered":"https:\/\/meigal.pt\/loja\/sem%20categoria\/import-placeholder-for-30216\/"},"modified":"2022-08-11T15:16:13","modified_gmt":"2022-08-11T15:16:13","slug":"miudos-de-peru","status":"publish","type":"product","link":"https:\/\/meigal.pt\/fr\/produtos\/%postname%\/miudos-de-peru\/","title":{"rendered":"Abats de dinde"},"content":{"rendered":"<p>Os Mi\u00fados de peru s\u00e3o constituidos por: f\u00edgado, cora\u00e7\u00e3o, moela e pesco\u00e7o.<\/p>\n","protected":false},"excerpt":{"rendered":"<p>Os Mi\u00fados de peru s\u00e3o constituidos por: f\u00edgado, cora\u00e7\u00e3o, moela e pesco\u00e7o.<\/p>\n","protected":false},"featured_media":23041,"comment_status":"closed","ping_status":"closed","template":"","meta":[],"product_cat":[312],"product_tag":[],"class_list":{"0":"post-24382","1":"product","2":"type-product","3":"status-publish","4":"has-post-thumbnail","6":"product_cat-partes-de-peru","8":"first","9":"outofstock","10":"virtual","11":"product-type-simple","12":"pofo-product-3col"},"yoast_head":"<!-- This site is optimized with the Yoast SEO plugin v26.7 - https:\/\/yoast.com\/wordpress\/plugins\/seo\/ -->\n<title>Abats de dinde<\/title>\n<meta name=\"robots\" content=\"index, follow, max-snippet:-1, max-image-preview:large, max-video-preview:-1\" \/>\n<link rel=\"canonical\" href=\"https:\/\/meigal.pt\/fr\/produtos\/%postname%\/miudos-de-peru\/\" \/>\n<meta property=\"og:locale\" content=\"fr_FR\" \/>\n<meta property=\"og:locale:alternate\" content=\"pt_PT\" \/>\n<meta property=\"og:type\" content=\"article\" \/>\n<meta property=\"og:title\" content=\"Abats de dinde\" \/>\n<meta property=\"og:description\" content=\"Os Mi\u00fados de peru s\u00e3o constituidos por: f\u00edgado, cora\u00e7\u00e3o, moela e pesco\u00e7o.\" \/>\n<meta property=\"og:url\" content=\"https:\/\/meigal.pt\/fr\/produtos\/%postname%\/miudos-de-peru\/\" \/>\n<meta property=\"og:site_name\" content=\"Meigal\" \/>\n<meta property=\"article:modified_time\" content=\"2022-08-11T15:16:13+00:00\" \/>\n<meta property=\"og:image\" content=\"https:\/\/meigal.pt\/wp-content\/uploads\/2020\/05\/1000002573_Mi\u00fados_de_Peru.jpg.jpg\" \/>\n\t<meta property=\"og:image:width\" content=\"1920\" \/>\n\t<meta property=\"og:image:height\" content=\"1080\" \/>\n\t<meta property=\"og:image:type\" content=\"image\/jpeg\" \/>\n<meta name=\"twitter:card\" content=\"summary_large_image\" \/>\n<script type=\"application\/ld+json\" class=\"yoast-schema-graph\">{\"@context\":\"https:\/\/schema.org\",\"@graph\":[{\"@type\":\"WebPage\",\"@id\":\"https:\/\/meigal.pt\/produtos\/%postname%\/miudos-de-peru\/\",\"url\":\"https:\/\/meigal.pt\/produtos\/%postname%\/miudos-de-peru\/\",\"name\":\"Abats de dinde\",\"isPartOf\":{\"@id\":\"https:\/\/meigal.pt\/#website\"},\"primaryImageOfPage\":{\"@id\":\"https:\/\/meigal.pt\/produtos\/%postname%\/miudos-de-peru\/#primaryimage\"},\"image\":{\"@id\":\"https:\/\/meigal.pt\/produtos\/%postname%\/miudos-de-peru\/#primaryimage\"},\"thumbnailUrl\":\"https:\/\/meigal.pt\/wp-content\/uploads\/2020\/05\/1000002573_Mi\u00fados_de_Peru.jpg.jpg\",\"datePublished\":\"2020-05-08T11:17:22+00:00\",\"dateModified\":\"2022-08-11T15:16:13+00:00\",\"breadcrumb\":{\"@id\":\"https:\/\/meigal.pt\/produtos\/%postname%\/miudos-de-peru\/#breadcrumb\"},\"inLanguage\":\"fr-FR\",\"potentialAction\":[{\"@type\":\"ReadAction\",\"target\":[\"https:\/\/meigal.pt\/produtos\/%postname%\/miudos-de-peru\/\"]}]},{\"@type\":\"ImageObject\",\"inLanguage\":\"fr-FR\",\"@id\":\"https:\/\/meigal.pt\/produtos\/%postname%\/miudos-de-peru\/#primaryimage\",\"url\":\"https:\/\/meigal.pt\/wp-content\/uploads\/2020\/05\/1000002573_Mi\u00fados_de_Peru.jpg.jpg\",\"contentUrl\":\"https:\/\/meigal.pt\/wp-content\/uploads\/2020\/05\/1000002573_Mi\u00fados_de_Peru.jpg.jpg\",\"width\":1920,\"height\":1080},{\"@type\":\"BreadcrumbList\",\"@id\":\"https:\/\/meigal.pt\/produtos\/%postname%\/miudos-de-peru\/#breadcrumb\",\"itemListElement\":[{\"@type\":\"ListItem\",\"position\":1,\"name\":\"In\u00edcio\",\"item\":\"https:\/\/meigal.pt\/\"},{\"@type\":\"ListItem\",\"position\":2,\"name\":\"Produtos\",\"item\":\"https:\/\/meigal.pt\/shop\/\"},{\"@type\":\"ListItem\",\"position\":3,\"name\":\"Mi\u00fados de Peru\"}]},{\"@type\":\"WebSite\",\"@id\":\"https:\/\/meigal.pt\/#website\",\"url\":\"https:\/\/meigal.pt\/\",\"name\":\"Meigal\",\"description\":\"Distribuidor de produtos alimentares\",\"potentialAction\":[{\"@type\":\"SearchAction\",\"target\":{\"@type\":\"EntryPoint\",\"urlTemplate\":\"https:\/\/meigal.pt\/?s={search_term_string}\"},\"query-input\":{\"@type\":\"PropertyValueSpecification\",\"valueRequired\":true,\"valueName\":\"search_term_string\"}}],\"inLanguage\":\"fr-FR\"}]}<\/script>\n<!-- \/ Yoast SEO plugin. -->","yoast_head_json":{"title":"Abats de dinde","robots":{"index":"index","follow":"follow","max-snippet":"max-snippet:-1","max-image-preview":"max-image-preview:large","max-video-preview":"max-video-preview:-1"},"canonical":"https:\/\/meigal.pt\/fr\/produtos\/%postname%\/miudos-de-peru\/","og_locale":"fr_FR","og_type":"article","og_title":"[:fr]Abats de dinde[:pt]Mi\u00fados de Peru[:] - Meigal","og_description":"Os Mi\u00fados de peru s\u00e3o constituidos por: f\u00edgado, cora\u00e7\u00e3o, moela e pesco\u00e7o.","og_url":"https:\/\/meigal.pt\/fr\/produtos\/%postname%\/miudos-de-peru\/","og_site_name":"Meigal","article_modified_time":"2022-08-11T15:16:13+00:00","og_image":[{"width":1920,"height":1080,"url":"https:\/\/meigal.pt\/wp-content\/uploads\/2020\/05\/1000002573_Mi\u00fados_de_Peru.jpg.jpg","type":"image\/jpeg"}],"twitter_card":"summary_large_image","schema":{"@context":"https:\/\/schema.org","@graph":[{"@type":"WebPage","@id":"https:\/\/meigal.pt\/produtos\/%postname%\/miudos-de-peru\/","url":"https:\/\/meigal.pt\/produtos\/%postname%\/miudos-de-peru\/","name":"Abats de dinde","isPartOf":{"@id":"https:\/\/meigal.pt\/#website"},"primaryImageOfPage":{"@id":"https:\/\/meigal.pt\/produtos\/%postname%\/miudos-de-peru\/#primaryimage"},"image":{"@id":"https:\/\/meigal.pt\/produtos\/%postname%\/miudos-de-peru\/#primaryimage"},"thumbnailUrl":"https:\/\/meigal.pt\/wp-content\/uploads\/2020\/05\/1000002573_Mi\u00fados_de_Peru.jpg.jpg","datePublished":"2020-05-08T11:17:22+00:00","dateModified":"2022-08-11T15:16:13+00:00","breadcrumb":{"@id":"https:\/\/meigal.pt\/produtos\/%postname%\/miudos-de-peru\/#breadcrumb"},"inLanguage":"fr-FR","potentialAction":[{"@type":"ReadAction","target":["https:\/\/meigal.pt\/produtos\/%postname%\/miudos-de-peru\/"]}]},{"@type":"ImageObject","inLanguage":"fr-FR","@id":"https:\/\/meigal.pt\/produtos\/%postname%\/miudos-de-peru\/#primaryimage","url":"https:\/\/meigal.pt\/wp-content\/uploads\/2020\/05\/1000002573_Mi\u00fados_de_Peru.jpg.jpg","contentUrl":"https:\/\/meigal.pt\/wp-content\/uploads\/2020\/05\/1000002573_Mi\u00fados_de_Peru.jpg.jpg","width":1920,"height":1080},{"@type":"BreadcrumbList","@id":"https:\/\/meigal.pt\/produtos\/%postname%\/miudos-de-peru\/#breadcrumb","itemListElement":[{"@type":"ListItem","position":1,"name":"In\u00edcio","item":"https:\/\/meigal.pt\/"},{"@type":"ListItem","position":2,"name":"Produtos","item":"https:\/\/meigal.pt\/shop\/"},{"@type":"ListItem","position":3,"name":"Mi\u00fados de Peru"}]},{"@type":"WebSite","@id":"https:\/\/meigal.pt\/#website","url":"https:\/\/meigal.pt\/","name":"Meigal","description":"Distribuidor de produtos alimentares","potentialAction":[{"@type":"SearchAction","target":{"@type":"EntryPoint","urlTemplate":"https:\/\/meigal.pt\/?s={search_term_string}"},"query-input":{"@type":"PropertyValueSpecification","valueRequired":true,"valueName":"search_term_string"}}],"inLanguage":"fr-FR"}]}},"_links":{"self":[{"href":"https:\/\/meigal.pt\/fr\/wp-json\/wp\/v2\/product\/24382","targetHints":{"allow":["GET"]}}],"collection":[{"href":"https:\/\/meigal.pt\/fr\/wp-json\/wp\/v2\/product"}],"about":[{"href":"https:\/\/meigal.pt\/fr\/wp-json\/wp\/v2\/types\/product"}],"replies":[{"embeddable":true,"href":"https:\/\/meigal.pt\/fr\/wp-json\/wp\/v2\/comments?post=24382"}],"wp:featuredmedia":[{"embeddable":true,"href":"https:\/\/meigal.pt\/fr\/wp-json\/wp\/v2\/media\/23041"}],"wp:attachment":[{"href":"https:\/\/meigal.pt\/fr\/wp-json\/wp\/v2\/media?parent=24382"}],"wp:term":[{"taxonomy":"product_cat","embeddable":true,"href":"https:\/\/meigal.pt\/fr\/wp-json\/wp\/v2\/product_cat?post=24382"},{"taxonomy":"product_tag","embeddable":true,"href":"https:\/\/meigal.pt\/fr\/wp-json\/wp\/v2\/product_tag?post=24382"}],"curies":[{"name":"wp","href":"https:\/\/api.w.org\/{rel}","templated":true}]}}