{"id":24489,"date":"2020-05-08T11:22:27","date_gmt":"2020-05-08T11:22:27","guid":{"rendered":"https:\/\/meigal.pt\/loja\/sem%20categoria\/import-placeholder-for-30323\/"},"modified":"2022-08-12T08:47:11","modified_gmt":"2022-08-12T08:47:11","slug":"maozinhas-de-porco","status":"publish","type":"product","link":"https:\/\/meigal.pt\/fr\/produtos\/%postname%\/maozinhas-de-porco\/","title":{"rendered":"Pieds de porc"},"content":{"rendered":"<p>Trata-se dos membros inferiores dianteiros e \u00e9 um dos cortes duros do su\u00edno, com pouca carne, muitos nervos, gordura e com pele, com aproximadamente 350g.<\/p>\n","protected":false},"excerpt":{"rendered":"<p>Trata-se dos membros inferiores dianteiros e \u00e9 um dos cortes duros do su\u00edno, com pouca carne, muitos nervos, gordura e com pele, com aproximadamente 350g.<\/p>\n","protected":false},"featured_media":23068,"comment_status":"closed","ping_status":"closed","template":"","meta":[],"product_cat":[274],"product_tag":[],"class_list":{"0":"post-24489","1":"product","2":"type-product","3":"status-publish","4":"has-post-thumbnail","6":"product_cat-porco","8":"first","9":"outofstock","10":"virtual","11":"product-type-simple","12":"pofo-product-3col"},"yoast_head":"<!-- This site is optimized with the Yoast SEO plugin v26.7 - https:\/\/yoast.com\/wordpress\/plugins\/seo\/ -->\n<title>Pieds de porc<\/title>\n<meta name=\"robots\" content=\"index, follow, max-snippet:-1, max-image-preview:large, max-video-preview:-1\" \/>\n<link rel=\"canonical\" href=\"https:\/\/meigal.pt\/fr\/produtos\/%postname%\/maozinhas-de-porco\/\" \/>\n<meta property=\"og:locale\" content=\"fr_FR\" \/>\n<meta property=\"og:locale:alternate\" content=\"pt_PT\" \/>\n<meta property=\"og:type\" content=\"article\" \/>\n<meta property=\"og:title\" content=\"Pieds de porc\" \/>\n<meta property=\"og:description\" content=\"Trata-se dos membros inferiores dianteiros e \u00e9 um dos cortes duros do su\u00edno, com pouca carne, muitos nervos, gordura e com pele, com aproximadamente 350g.\" \/>\n<meta property=\"og:url\" content=\"https:\/\/meigal.pt\/fr\/produtos\/%postname%\/maozinhas-de-porco\/\" \/>\n<meta property=\"og:site_name\" content=\"Meigal\" \/>\n<meta property=\"article:modified_time\" content=\"2022-08-12T08:47:11+00:00\" \/>\n<meta property=\"og:image\" content=\"https:\/\/meigal.pt\/wp-content\/uploads\/2020\/05\/1000003046_M\u00e3ozinhas_de_Porco.jpg.jpg\" \/>\n\t<meta property=\"og:image:width\" content=\"1920\" \/>\n\t<meta property=\"og:image:height\" content=\"1080\" \/>\n\t<meta property=\"og:image:type\" content=\"image\/jpeg\" \/>\n<meta name=\"twitter:card\" content=\"summary_large_image\" \/>\n<script type=\"application\/ld+json\" class=\"yoast-schema-graph\">{\"@context\":\"https:\/\/schema.org\",\"@graph\":[{\"@type\":\"WebPage\",\"@id\":\"https:\/\/meigal.pt\/produtos\/%postname%\/maozinhas-de-porco\/\",\"url\":\"https:\/\/meigal.pt\/produtos\/%postname%\/maozinhas-de-porco\/\",\"name\":\"Pieds de porc\",\"isPartOf\":{\"@id\":\"https:\/\/meigal.pt\/#website\"},\"primaryImageOfPage\":{\"@id\":\"https:\/\/meigal.pt\/produtos\/%postname%\/maozinhas-de-porco\/#primaryimage\"},\"image\":{\"@id\":\"https:\/\/meigal.pt\/produtos\/%postname%\/maozinhas-de-porco\/#primaryimage\"},\"thumbnailUrl\":\"https:\/\/meigal.pt\/wp-content\/uploads\/2020\/05\/1000003046_M\u00e3ozinhas_de_Porco.jpg.jpg\",\"datePublished\":\"2020-05-08T11:22:27+00:00\",\"dateModified\":\"2022-08-12T08:47:11+00:00\",\"breadcrumb\":{\"@id\":\"https:\/\/meigal.pt\/produtos\/%postname%\/maozinhas-de-porco\/#breadcrumb\"},\"inLanguage\":\"fr-FR\",\"potentialAction\":[{\"@type\":\"ReadAction\",\"target\":[\"https:\/\/meigal.pt\/produtos\/%postname%\/maozinhas-de-porco\/\"]}]},{\"@type\":\"ImageObject\",\"inLanguage\":\"fr-FR\",\"@id\":\"https:\/\/meigal.pt\/produtos\/%postname%\/maozinhas-de-porco\/#primaryimage\",\"url\":\"https:\/\/meigal.pt\/wp-content\/uploads\/2020\/05\/1000003046_M\u00e3ozinhas_de_Porco.jpg.jpg\",\"contentUrl\":\"https:\/\/meigal.pt\/wp-content\/uploads\/2020\/05\/1000003046_M\u00e3ozinhas_de_Porco.jpg.jpg\",\"width\":1920,\"height\":1080},{\"@type\":\"BreadcrumbList\",\"@id\":\"https:\/\/meigal.pt\/produtos\/%postname%\/maozinhas-de-porco\/#breadcrumb\",\"itemListElement\":[{\"@type\":\"ListItem\",\"position\":1,\"name\":\"In\u00edcio\",\"item\":\"https:\/\/meigal.pt\/\"},{\"@type\":\"ListItem\",\"position\":2,\"name\":\"Produtos\",\"item\":\"https:\/\/meigal.pt\/shop\/\"},{\"@type\":\"ListItem\",\"position\":3,\"name\":\"M\u00e3ozinhas de Porco\"}]},{\"@type\":\"WebSite\",\"@id\":\"https:\/\/meigal.pt\/#website\",\"url\":\"https:\/\/meigal.pt\/\",\"name\":\"Meigal\",\"description\":\"Distribuidor de produtos alimentares\",\"potentialAction\":[{\"@type\":\"SearchAction\",\"target\":{\"@type\":\"EntryPoint\",\"urlTemplate\":\"https:\/\/meigal.pt\/?s={search_term_string}\"},\"query-input\":{\"@type\":\"PropertyValueSpecification\",\"valueRequired\":true,\"valueName\":\"search_term_string\"}}],\"inLanguage\":\"fr-FR\"}]}<\/script>\n<!-- \/ Yoast SEO plugin. -->","yoast_head_json":{"title":"Pieds de porc","robots":{"index":"index","follow":"follow","max-snippet":"max-snippet:-1","max-image-preview":"max-image-preview:large","max-video-preview":"max-video-preview:-1"},"canonical":"https:\/\/meigal.pt\/fr\/produtos\/%postname%\/maozinhas-de-porco\/","og_locale":"fr_FR","og_type":"article","og_title":"[:fr]Pieds de porc[:pt]M\u00e3ozinhas de Porco[:] - Meigal","og_description":"Trata-se dos membros inferiores dianteiros e \u00e9 um dos cortes duros do su\u00edno, com pouca carne, muitos nervos, gordura e com pele, com aproximadamente 350g.","og_url":"https:\/\/meigal.pt\/fr\/produtos\/%postname%\/maozinhas-de-porco\/","og_site_name":"Meigal","article_modified_time":"2022-08-12T08:47:11+00:00","og_image":[{"width":1920,"height":1080,"url":"https:\/\/meigal.pt\/wp-content\/uploads\/2020\/05\/1000003046_M\u00e3ozinhas_de_Porco.jpg.jpg","type":"image\/jpeg"}],"twitter_card":"summary_large_image","schema":{"@context":"https:\/\/schema.org","@graph":[{"@type":"WebPage","@id":"https:\/\/meigal.pt\/produtos\/%postname%\/maozinhas-de-porco\/","url":"https:\/\/meigal.pt\/produtos\/%postname%\/maozinhas-de-porco\/","name":"Pieds de porc","isPartOf":{"@id":"https:\/\/meigal.pt\/#website"},"primaryImageOfPage":{"@id":"https:\/\/meigal.pt\/produtos\/%postname%\/maozinhas-de-porco\/#primaryimage"},"image":{"@id":"https:\/\/meigal.pt\/produtos\/%postname%\/maozinhas-de-porco\/#primaryimage"},"thumbnailUrl":"https:\/\/meigal.pt\/wp-content\/uploads\/2020\/05\/1000003046_M\u00e3ozinhas_de_Porco.jpg.jpg","datePublished":"2020-05-08T11:22:27+00:00","dateModified":"2022-08-12T08:47:11+00:00","breadcrumb":{"@id":"https:\/\/meigal.pt\/produtos\/%postname%\/maozinhas-de-porco\/#breadcrumb"},"inLanguage":"fr-FR","potentialAction":[{"@type":"ReadAction","target":["https:\/\/meigal.pt\/produtos\/%postname%\/maozinhas-de-porco\/"]}]},{"@type":"ImageObject","inLanguage":"fr-FR","@id":"https:\/\/meigal.pt\/produtos\/%postname%\/maozinhas-de-porco\/#primaryimage","url":"https:\/\/meigal.pt\/wp-content\/uploads\/2020\/05\/1000003046_M\u00e3ozinhas_de_Porco.jpg.jpg","contentUrl":"https:\/\/meigal.pt\/wp-content\/uploads\/2020\/05\/1000003046_M\u00e3ozinhas_de_Porco.jpg.jpg","width":1920,"height":1080},{"@type":"BreadcrumbList","@id":"https:\/\/meigal.pt\/produtos\/%postname%\/maozinhas-de-porco\/#breadcrumb","itemListElement":[{"@type":"ListItem","position":1,"name":"In\u00edcio","item":"https:\/\/meigal.pt\/"},{"@type":"ListItem","position":2,"name":"Produtos","item":"https:\/\/meigal.pt\/shop\/"},{"@type":"ListItem","position":3,"name":"M\u00e3ozinhas de Porco"}]},{"@type":"WebSite","@id":"https:\/\/meigal.pt\/#website","url":"https:\/\/meigal.pt\/","name":"Meigal","description":"Distribuidor de produtos alimentares","potentialAction":[{"@type":"SearchAction","target":{"@type":"EntryPoint","urlTemplate":"https:\/\/meigal.pt\/?s={search_term_string}"},"query-input":{"@type":"PropertyValueSpecification","valueRequired":true,"valueName":"search_term_string"}}],"inLanguage":"fr-FR"}]}},"_links":{"self":[{"href":"https:\/\/meigal.pt\/fr\/wp-json\/wp\/v2\/product\/24489","targetHints":{"allow":["GET"]}}],"collection":[{"href":"https:\/\/meigal.pt\/fr\/wp-json\/wp\/v2\/product"}],"about":[{"href":"https:\/\/meigal.pt\/fr\/wp-json\/wp\/v2\/types\/product"}],"replies":[{"embeddable":true,"href":"https:\/\/meigal.pt\/fr\/wp-json\/wp\/v2\/comments?post=24489"}],"wp:featuredmedia":[{"embeddable":true,"href":"https:\/\/meigal.pt\/fr\/wp-json\/wp\/v2\/media\/23068"}],"wp:attachment":[{"href":"https:\/\/meigal.pt\/fr\/wp-json\/wp\/v2\/media?parent=24489"}],"wp:term":[{"taxonomy":"product_cat","embeddable":true,"href":"https:\/\/meigal.pt\/fr\/wp-json\/wp\/v2\/product_cat?post=24489"},{"taxonomy":"product_tag","embeddable":true,"href":"https:\/\/meigal.pt\/fr\/wp-json\/wp\/v2\/product_tag?post=24489"}],"curies":[{"name":"wp","href":"https:\/\/api.w.org\/{rel}","templated":true}]}}